{"id":3283,"date":"2026-02-12T13:56:47","date_gmt":"2026-02-12T05:56:47","guid":{"rendered":"https:\/\/ekaislot.com\/?post_type=product&#038;p=3283"},"modified":"2026-03-06T09:51:43","modified_gmt":"2026-03-06T01:51:43","slug":"liquid-collectors","status":"publish","type":"product","link":"https:\/\/www.ekaislot.com\/es\/product\/liquid-collectors\/","title":{"rendered":"Colectores de l\u00edquidos"},"featured_media":3315,"parent":0,"template":"","product-category":[204,193],"class_list":["post-3283","product","type-product","status-publish","has-post-thumbnail","hentry","product-category-distributors-inlet-devices","product-category-tower-internals"],"acf":{"brief":"Liquid collectors are critical internal components in packed towers, trayed columns, and other mass\/heat transfer equipment, designed to efficiently capture and redirect liquid streams between process stages. \r\nTheir primary function is to uniformly collect liquid exiting a packed bed or tray, minimize entrainment, and ensure consistent liquid distribution to downstream components such as redistributors, feed lines, or lower process stages.","product_image":[{"pro_img":3315}],"description":"<h2><strong><b>EKC-101<\/b><\/strong><\/h2>\r\n<h3><strong><b>BANDEJA PARA CHIMENEA<\/b><\/strong><strong><b>\u00a0<\/b><\/strong><strong><b>L\u00cdQUIDO<\/b><\/strong><strong><b>\u00a0<\/b><\/strong><strong><b>COLECTOR<\/b><\/strong><\/h3>\r\n<ul>\r\n \t<li>Bandejas colectoras de chimenea propuestas para la eliminaci\u00f3n parcial o total del l\u00edquido en un punto espec\u00edfico de la columna, para mezclar la alimentaci\u00f3n con el l\u00edquido refluido y para la distribuci\u00f3n del vapor.<\/li>\r\n \t<li>Las contrahuellas pueden ser redondas, rectangulares anchas\/estrechas<\/li>\r\n \t<li>Opciones de dise\u00f1o: bajantes, tubos de bajada y sumideros para el paso de l\u00edquidos<\/li>\r\n \t<li>Generalmente disponible para todos los di\u00e1metros, ideal para aplicar en la gran columna con altas cargas de l\u00edquido<\/li>\r\n \t<li>Disponible en metal y material termopl\u00e1stico<\/li>\r\n<\/ul>","contact_title":"","contact":3286},"_links":{"self":[{"href":"https:\/\/www.ekaislot.com\/es\/wp-json\/wp\/v2\/product\/3283","targetHints":{"allow":["GET"]}}],"collection":[{"href":"https:\/\/www.ekaislot.com\/es\/wp-json\/wp\/v2\/product"}],"about":[{"href":"https:\/\/www.ekaislot.com\/es\/wp-json\/wp\/v2\/types\/product"}],"wp:featuredmedia":[{"embeddable":true,"href":"https:\/\/www.ekaislot.com\/es\/wp-json\/wp\/v2\/media\/3315"}],"wp:attachment":[{"href":"https:\/\/www.ekaislot.com\/es\/wp-json\/wp\/v2\/media?parent=3283"}],"wp:term":[{"taxonomy":"product-category","embeddable":true,"href":"https:\/\/www.ekaislot.com\/es\/wp-json\/wp\/v2\/product-category?post=3283"}],"curies":[{"name":"wp","href":"https:\/\/api.w.org\/{rel}","templated":true}]}}