{"id":3280,"date":"2026-02-12T13:53:56","date_gmt":"2026-02-12T05:53:56","guid":{"rendered":"https:\/\/ekaislot.com\/?post_type=product&#038;p=3280"},"modified":"2026-02-13T13:54:48","modified_gmt":"2026-02-13T05:54:48","slug":"feed-devices","status":"publish","type":"product","link":"https:\/\/www.ekaislot.com\/es\/product\/feed-devices\/","title":{"rendered":"Dispositivos de alimentaci\u00f3n"},"featured_media":3312,"parent":0,"template":"","product-category":[204,193],"class_list":["post-3280","product","type-product","status-publish","has-post-thumbnail","hentry","product-category-distributors-inlet-devices","product-category-tower-internals"],"acf":{"brief":"They are designed and supplied by Ekaislot when the feed requires uniform distribution in order to obtain an overall desirable performance of the distillation column. The feed can be liquid only, mixed phases of liquid\/vapor (lash feed), and also vapor. The most applied design of inlet feed device are in pipe, vane, and deck, etc.\r\nEkaislot will be able to choose the appropriate inletfeed distribution system at your request.","product_image":[{"pro_img":3312}],"description":"<h2><strong><b>EKF-101<\/b><\/strong><\/h2>\r\n<h3><img class=\"wp-image-3304 alignleft\" style=\"margin-right: 45px; margin-bottom: 15px;\" src=\"https:\/\/ekaislot.com\/wp-content\/uploads\/EKF-101.png\" alt=\"\" width=\"264\" height=\"199\" \/><strong><b>FLASH<\/b><\/strong><strong><b>\u00a0<\/b><\/strong><strong><b>GALER\u00cdA<\/b><\/strong><strong><b>\u00a0<\/b><\/strong><strong><b>(MIXTO<\/b><\/strong><strong><b>\u00a0<\/b><\/strong><strong><b>FASE<\/b><\/strong><strong><b>\u00a0<\/b><\/strong><strong><b>F<\/b><\/strong><strong><b>EED)<\/b><\/strong><\/h3>\r\n<ul>\r\n \t<li>Dise\u00f1o para alojar alimentaci\u00f3n mixta de l\u00edquido\/vapor o amarre<\/li>\r\n \t<li>Para di\u00e1metros de recipiente superiores a 900 mm<\/li>\r\n \t<li>La galer\u00eda se encuentra alrededor del per\u00edmetro del distribuidor por encima del\r\nEn el dise\u00f1o est\u00e1ndar, se instala sobre un anillo de soporte; la pared lateral de la galer\u00eda suele tener forma poligonal.<\/li>\r\n \t<li>La alimentaci\u00f3n que entra tangencialmente contra la pared de la columna, y luego el l\u00edquido recogido en una piscina por debajo a lo largo de la galer\u00eda, mientras que la fase de vapor que se desacopla.<\/li>\r\n<\/ul>\r\n&nbsp;\r\n<h2><strong><b>EKF-201<\/b><\/strong><\/h2>\r\n<img class=\"wp-image-3305 alignleft\" style=\"margin-right: 45px; margin-bottom: 15px;\" src=\"https:\/\/ekaislot.com\/wp-content\/uploads\/EKF-201.png\" alt=\"\" width=\"293\" height=\"221\" \/>\r\n<h3><strong><b>TIPO DE ALETAS<\/b><\/strong><strong><b>\u00a0<\/b><\/strong><strong><b>ALIMENTACI\u00d3N<\/b><\/strong><strong><b>\u00a0<\/b><\/strong><strong><b>ENTRADA<\/b><\/strong><strong><b>\u00a0<\/b><\/strong><strong><b>DISPOSITIVO<\/b><\/strong><\/h3>\r\n<ul>\r\n \t<li>Dise\u00f1o de paletas curvadas, dispuestas en una carcasa de alta resistencia, para reducir el momento de entrada y favorecer la separaci\u00f3n inicial de las alimentaciones de vapor-l\u00edquido.<\/li>\r\n \t<li>Se utiliza para la alimentaci\u00f3n en fase mixta<\/li>\r\n \t<li>Adecuado para su instalaci\u00f3n en separadores verticales y horizontales<\/li>\r\n \t<li>Dispositivos de entrada que ofrecen la siguiente ventaja potencial:<\/li>\r\n<\/ul>\r\n1.Mejorar la distribuci\u00f3n del vapor 2.Reducir la velocidad del gas\r\n3.Disminuir la niebla fina 4.Reducir el reentramiento de l\u00edquidos 5.Disminuir el momento de la babosa\r\n<h2>EKF-301<\/h2>\r\n<img class=\"wp-image-3306 alignleft\" style=\"margin-right: 45px; margin-bottom: 15px;\" src=\"https:\/\/ekaislot.com\/wp-content\/uploads\/EKF-301.png\" alt=\"\" width=\"284\" height=\"212\" \/>\r\n<h3><strong><b>MEDIA<\/b><\/strong><strong><b>\u00a0<\/b><\/strong><strong><b>ABIERTO<\/b><\/strong><strong><b>\u00a0<\/b><\/strong><strong><b>TUBO<\/b><\/strong><strong><b>\u00a0<\/b><\/strong><strong><b>ALIMENTACI\u00d3N<\/b><\/strong><strong><b>\u00a0<\/b><\/strong><strong><b>DISPOSITIVO<\/b><\/strong><\/h3>\r\n<ul>\r\n \t<li>Se utiliza habitualmente para iniciar la separaci\u00f3n gas\/l\u00edquido<\/li>\r\n \t<li>Momento de entrada admisible inferior al del dispositivo de entrada de alimentaci\u00f3n tipo \u00e1labe, norma de dise\u00f1o normal: \u03c1m Vm2 \u2264 2100 kg\/ (m.s2). Donde \u03c1m es la densidad media de la mezcla en la tuber\u00eda de alimentaci\u00f3n en kg\/m\u00b3 y Vm es la velocidad de la mezcla en la tobera de entrada en m\/s.<\/li>\r\n \t<li>La elecci\u00f3n entre el dispositivo de entrada tipo Vane y la tuber\u00eda semiabierta es un compromiso entre la eficacia de separaci\u00f3n requerida y los costes.<\/li>\r\n \t<li>Para el di\u00e1metro del recipiente inferior a 0,5 m, el dise\u00f1o est\u00e1ndar es la tobera de alimentaci\u00f3n\r\ncon un dispositivo de entrada de tubo semiabierto, con la abertura dirigida hacia abajo.<\/li>\r\n \t<li>Para di\u00e1metros de recipiente superiores a 0,5 m y tama\u00f1os de boquilla de entrada superiores a 6\u201d, se recomienda un dispositivo de entrada de alimentaci\u00f3n tipo paletas.<\/li>\r\n<\/ul>","contact_title":"","contact":1407},"_links":{"self":[{"href":"https:\/\/www.ekaislot.com\/es\/wp-json\/wp\/v2\/product\/3280","targetHints":{"allow":["GET"]}}],"collection":[{"href":"https:\/\/www.ekaislot.com\/es\/wp-json\/wp\/v2\/product"}],"about":[{"href":"https:\/\/www.ekaislot.com\/es\/wp-json\/wp\/v2\/types\/product"}],"wp:featuredmedia":[{"embeddable":true,"href":"https:\/\/www.ekaislot.com\/es\/wp-json\/wp\/v2\/media\/3312"}],"wp:attachment":[{"href":"https:\/\/www.ekaislot.com\/es\/wp-json\/wp\/v2\/media?parent=3280"}],"wp:term":[{"taxonomy":"product-category","embeddable":true,"href":"https:\/\/www.ekaislot.com\/es\/wp-json\/wp\/v2\/product-category?post=3280"}],"curies":[{"name":"wp","href":"https:\/\/api.w.org\/{rel}","templated":true}]}}