{"id":3237,"date":"2026-02-12T11:04:07","date_gmt":"2026-02-12T03:04:07","guid":{"rendered":"https:\/\/ekaislot.com\/?post_type=product&#038;p=3237"},"modified":"2026-04-14T15:46:27","modified_gmt":"2026-04-14T07:46:27","slug":"agitated-nutsche-filter-dryer","status":"publish","type":"product","link":"https:\/\/www.ekaislot.com\/es\/product\/agitated-nutsche-filter-dryer\/","title":{"rendered":"Filtro secador Nutsche agitado"},"featured_media":2868,"parent":0,"template":"","product-category":[205,198],"class_list":["post-3237","product","type-product","status-publish","has-post-thumbnail","hentry","product-category-agitated-nutsche-filter-dryer","product-category-process-equipment"],"acf":{"brief":"Main Features:\r\n    1. One piece of process equipment can replace traditional crystallization kettles, centrifuges, scrubbers and dryers;\r\n    2. High efficiency, energy saving, safety and environmental protection;\r\n    3. Widely used in the chemical, pharmaceutical, food and other industries;\r\n    4. Completely enclosed operation, suitable for aseptic working conditions\uff1b\r\n    5. Dual certification (GMP FDA) possible.","product_image":[{"pro_img":2868},{"pro_img":2520},{"pro_img":3998},{"pro_img":4000},{"pro_img":4005},{"pro_img":4001},{"pro_img":4002},{"pro_img":4003},{"pro_img":4004},{"pro_img":3999}],"description":"<h3>Configuraci\u00f3n principal:<\/h3>\r\n<ol>\r\n \t<li>Filtros de cartucho, filtros planos de malla sinterizada o filtros de tela de PTFE\uff1b<\/li>\r\n \t<li>\u00a0El sistema hidr\u00e1ulico ayuda al eje agitador a subir y bajar, abrir y cerrar el chasis del filtro, y subir y bajar el chasis del filtro;<\/li>\r\n \t<li>\u00a0El sistema de control completa los procesos de filtrado, lavado y secado;<\/li>\r\n \t<li>Instalaciones auxiliares: descarga completa, muestreo en l\u00ednea, lavado en l\u00ednea, secado al vac\u00edo, etc.<\/li>\r\n<\/ol>\r\n&nbsp;\r\n<h3>Estructura central<\/h3>\r\n<img class=\"size-full wp-image-4021 aligncenter\" src=\"https:\/\/www.ekaislot.com\/wp-content\/uploads\/1-23.jpg\" alt=\"\" width=\"600\" height=\"400\" \/>\r\n\r\n&nbsp;\r\n<h3>Componentes b\u00e1sicos<\/h3>\r\n<strong><b>1 Componentes calefactados<\/b><\/strong>\r\n\r\nEje de agitaci\u00f3n calentado\r\n\r\nCada pala agitadora est\u00e1 dise\u00f1ada internamente con un circuito de calefacci\u00f3n\/refrigeraci\u00f3n que se extiende hasta la punta de la pala; este dise\u00f1o crea turbulencias dentro de la pala, mejorando la eficacia de la transferencia de calor;\r\n\r\n<img class=\"size-full wp-image-4023 aligncenter\" src=\"https:\/\/www.ekaislot.com\/wp-content\/uploads\/2-17.jpg\" alt=\"\" width=\"600\" height=\"242\" \/>\r\n\r\n&nbsp;\r\n\r\nCuando el material entra en contacto con el borde inferior de la hoja, \u201crueda sobre\u201d la hoja gracias a su superficie inclinada, optimizando as\u00ed la transferencia de calor.\r\n\r\n<img class=\"size-full wp-image-4026 aligncenter\" src=\"https:\/\/www.ekaislot.com\/wp-content\/uploads\/3-12.jpg\" alt=\"\" width=\"600\" height=\"320\" \/><b><\/b>\r\n\r\n&nbsp;\r\n\r\n<strong><b>2 Componentes de sellado<\/b><\/strong>\r\n\r\nSistema de cierre mec\u00e1nico del husillo:\r\n\r\nEstudio de caso:\r\n\r\nLa estanqueidad entre el husillo y el dep\u00f3sito (que permite tanto el movimiento rotativo como el axial) se consigue mediante el cierre mec\u00e1nico de doble cara (1) que se muestra en la figura. Este cierre mec\u00e1nico est\u00e1 disponible en configuraci\u00f3n \u201cseca\u201d o \u201ch\u00fameda\u201d, siendo la principal diferencia el medio de lubricaci\u00f3n. El sistema de lubricaci\u00f3n correspondiente (2) est\u00e1 totalmente configurado en consecuencia (principio de termosif\u00f3n + accionamiento por motor - tipo h\u00famedo).\r\n\r\n<img class=\"size-full wp-image-4029 aligncenter\" src=\"https:\/\/www.ekaislot.com\/wp-content\/uploads\/4-7.jpg\" alt=\"\" width=\"248\" height=\"400\" \/>\r\n\r\n&nbsp;\r\n\r\nEn funci\u00f3n de las diferencias en los medios de lubricaci\u00f3n y las configuraciones de estanquidad, los principales tipos de cierres mec\u00e1nicos son:\r\n\r\nsellos mec\u00e1nicos de una cara, sellos mec\u00e1nicos h\u00famedos de dos caras, sellos mec\u00e1nicos de contacto en seco de dos caras, sellos mec\u00e1nicos sin contacto en seco de dos caras y sellos mec\u00e1nicos sin contacto de un extremo de dos caras.\r\n\r\n<img class=\"size-full wp-image-4030 aligncenter\" src=\"https:\/\/www.ekaislot.com\/wp-content\/uploads\/5-7.jpg\" alt=\"\" width=\"452\" height=\"400\" \/>\r\n\r\n&nbsp;\r\n\r\n<strong><b>3 Componentes del PIC<\/b><\/strong>\r\n\r\n<img class=\"size-full wp-image-4031 aligncenter\" src=\"https:\/\/www.ekaislot.com\/wp-content\/uploads\/6-8.jpg\" alt=\"\" width=\"392\" height=\"400\" \/>\r\n\r\n&nbsp;\r\n\r\nSistema de limpieza por desplazamiento de la torta de filtraci\u00f3n\r\n\r\nSistema de limpieza de tanques\r\n\r\nSistema de limpieza de tanques\r\n\r\nSistema de limpieza de cierres mec\u00e1nicos\r\n\r\nSistema de limpieza de fuelles met\u00e1licos\r\n\r\nSistema de limpieza de v\u00e1lvulas de descarga de montaje lateral\r\n\r\n\u201cSistema de limpieza \u201dAir Knife\r\n\r\nSistema de autolimpieza de tuber\u00edas\r\n\r\n<img class=\"size-full wp-image-4032 aligncenter\" src=\"https:\/\/www.ekaislot.com\/wp-content\/uploads\/7-10.jpg\" alt=\"\" width=\"524\" height=\"400\" \/>\r\n\r\n&nbsp;\r\n\r\n&nbsp;\r\n\r\nEl lavado y la limpieza en l\u00ednea se realizan mediante boquillas pulverizadoras.\r\n\r\nLa disposici\u00f3n de las boquillas pulverizadoras garantiza una limpieza a fondo de todas las superficies.\r\n\r\nAseg\u00farese de que todas las superficies en contacto con el producto se limpian a fondo.\r\n\r\nSe realizar\u00e1 una prueba de riboflavina despu\u00e9s de limpiar el equipo.\r\n\r\n<img class=\"size-full wp-image-4033 aligncenter\" src=\"https:\/\/www.ekaislot.com\/wp-content\/uploads\/8-8.jpg\" alt=\"\" width=\"600\" height=\"250\" \/>\r\n\r\n&nbsp;\r\n\r\nPulverice la soluci\u00f3n de riboflavina sobre las superficies interiores del equipo con un pulverizador.\r\n\r\nLa adici\u00f3n de un aditivo a base de almid\u00f3n aumenta la viscosidad de la riboflavina, lo que hace que se adhiera a las superficies interiores del equipo.\r\n\r\nLimpie las paredes interiores del equipo utilizando un sistema de limpieza en l\u00ednea.\r\n\r\nInspeccione las superficies interiores del equipo con luz ultravioleta; cualquier resto de riboflavina emitir\u00e1 una fluorescencia verde brillante.\r\n\r\nEmitir un informe de inspecci\u00f3n final y designar las zonas no validadas.\r\n\r\n&nbsp;\r\n\r\n<strong><b>4 Componentes mec\u00e1nicos y de accionamiento<\/b><\/strong>\r\n\r\n<img class=\"size-full wp-image-4034 aligncenter\" src=\"https:\/\/www.ekaislot.com\/wp-content\/uploads\/9-4.jpg\" alt=\"\" width=\"320\" height=\"400\" \/>\r\n\r\n&nbsp;\r\n\r\nDrive Assembly\r\n\r\nSpindle Up\/Down\r\n\r\nThe entire drive assembly is supported by the drive assembly bracket (1). The hydraulic cylinder (3), which performs the up\/down motion guided by the chrome-plated guide rod (2), is housed inside the guide rod (2). The \u201chydraulic down\u201d motion has both fast and slow speeds; the \u2018slow\u2019 speed can be preset via the hydraulic control panel. The \u201ccompression force\u201d (4) exerted by the stirring shaft on the filter cake can also be preset on the hydraulic control panel; the drive unit\u2019s lifting\/lowering stroke can be mechanically limited (min., max.).\r\n\r\n&nbsp;\r\n\r\nMain Shaft Agitation\r\n\r\nThe drive is powered by a motor (5), which transmits power through a reducer (6) to the main shaft (7), thereby driving the heated stirring shaft (4). The top of the stirring shaft is sealed via a rotary joint. For the entire unit, two motors are required: the main motor (5) and one\r\n\r\n<img class=\"size-full wp-image-4035 aligncenter\" src=\"https:\/\/www.ekaislot.com\/wp-content\/uploads\/10-3.jpg\" alt=\"\" width=\"292\" height=\"400\" \/>","contact_title":"","contact":2520},"_links":{"self":[{"href":"https:\/\/www.ekaislot.com\/es\/wp-json\/wp\/v2\/product\/3237","targetHints":{"allow":["GET"]}}],"collection":[{"href":"https:\/\/www.ekaislot.com\/es\/wp-json\/wp\/v2\/product"}],"about":[{"href":"https:\/\/www.ekaislot.com\/es\/wp-json\/wp\/v2\/types\/product"}],"wp:featuredmedia":[{"embeddable":true,"href":"https:\/\/www.ekaislot.com\/es\/wp-json\/wp\/v2\/media\/2868"}],"wp:attachment":[{"href":"https:\/\/www.ekaislot.com\/es\/wp-json\/wp\/v2\/media?parent=3237"}],"wp:term":[{"taxonomy":"product-category","embeddable":true,"href":"https:\/\/www.ekaislot.com\/es\/wp-json\/wp\/v2\/product-category?post=3237"}],"curies":[{"name":"wp","href":"https:\/\/api.w.org\/{rel}","templated":true}]}}