{"id":3087,"date":"2026-02-09T12:01:38","date_gmt":"2026-02-09T04:01:38","guid":{"rendered":"https:\/\/ekaislot.com\/?post_type=product&#038;p=3087"},"modified":"2026-02-12T16:59:05","modified_gmt":"2026-02-12T08:59:05","slug":"hastalloy-c276-disc-filter","status":"publish","type":"product","link":"https:\/\/www.ekaislot.com\/es\/product\/hastalloy-c276-disc-filter\/","title":{"rendered":"Hastalloy C276 Filtro de disco"},"featured_media":3092,"parent":0,"template":"","product-category":[190,196],"class_list":["post-3087","product","type-product","status-publish","has-post-thumbnail","hentry","product-category-reactor-internals","product-category-special-proprietary-reactor-internals"],"acf":{"brief":"Disc filter is used in petrochemical industry\uff0cseparating the solid residue from PTA. This reactor internal is the bottom filter of PTA hydrogenation reactor\uff0cbeing made of expensive Hastalloy C276. It can be applied under high temperature (350\u00b0C) and pressure (10MPA).","product_image":[{"pro_img":3092},{"pro_img":3093},{"pro_img":3094}],"description":"<h2><strong>Principio de funcionamiento<\/strong><\/h2>\r\n<strong>1.Etapa de filtraci\u00f3n:<\/strong>\r\n\r\nUna vez finalizada la reacci\u00f3n de hidrogenaci\u00f3n del PTA, los productos de la reacci\u00f3n entran en el filtro de discos por la parte inferior del reactor. El material es impulsado por una diferencia de presi\u00f3n y fluye por un canal entre los discos. Debido a la presencia del medio filtrante en el disco, las part\u00edculas de impurezas que contiene quedan atrapadas en la superficie o en el interior del medio filtrante a medida que el material lo atraviesa.\r\n\r\nPor ejemplo, las trazas de impurezas met\u00e1licas que pueden estar presentes en la reacci\u00f3n de PTA (como paladio, cobalto, etc. en el catalizador) ser\u00e1n interceptadas por el filtro, mientras que el producto de PTA puro puede atravesar el medio filtrante y entrar por el lado de salida del filtro.\r\n\r\n<strong>2.Etapa de retrolavado:<\/strong>\r\n\r\nA medida que avanza el proceso de filtraci\u00f3n, las impurezas de la superficie del disco se acumulan gradualmente, lo que provoca un aumento de la resistencia a la filtraci\u00f3n y una disminuci\u00f3n de la eficacia de la filtraci\u00f3n. Cuando se alcanza una determinada ca\u00edda de presi\u00f3n o tiempo de filtraci\u00f3n, el filtro inicia un programa de retrolavado.\r\n\r\nDurante el retrolavado, el fluido limpio (como hidr\u00f3geno, agua desionizada o disolvente org\u00e1nico, etc.) se invertir\u00e1 desde la salida del filtro, de modo que las impurezas del disco se lavar\u00e1n del medio filtrante. Las impurezas lavadas se descargan fuera del filtro a trav\u00e9s de un drenaje dedicado con el fluido de retrolavado, restaurando as\u00ed la capacidad de filtraci\u00f3n del filtro.\r\n<h2>Ventajas:<\/h2>\r\nGarantizar la calidad del producto\uff1aPuede eliminar eficazmente las impurezas en los productos de PTA y mejorar significativamente la pureza del PTA. El PTA de alta pureza es esencial para procesos posteriores como la s\u00edntesis de poli\u00e9ster, ya que la presencia de impurezas puede afectar a la reacci\u00f3n de polimerizaci\u00f3n del poli\u00e9ster, lo que resulta en una disminuci\u00f3n de la calidad de los productos de poli\u00e9ster, como la reducci\u00f3n de la resistencia, el color y otras propiedades de las fibras de poli\u00e9ster.\r\n\r\nProlongar la vida \u00fatil del equipo: Si las impurezas interceptadas entran en el equipo aguas abajo, pueden causar desgaste y corrosi\u00f3n en el equipo. Los filtros de disco pueden prevenir los efectos adversos de estas impurezas en los equipos posteriores, como tuber\u00edas, bombas, intercambiadores de calor, etc., prolongar la vida \u00fatil de los equipos en todo el sistema de producci\u00f3n, reducir la frecuencia de mantenimiento y sustituci\u00f3n de los equipos y reducir los costes de producci\u00f3n.\r\n\r\nProceso de producci\u00f3n estable: Su rendimiento de filtraci\u00f3n estable puede garantizar que la calidad y el flujo de los productos de reacci\u00f3n permanezcan relativamente estables durante el proceso de producci\u00f3n de PTA. No causar\u00e1 interrupci\u00f3n o fluctuaci\u00f3n del proceso de producci\u00f3n debido a la obstrucci\u00f3n de impurezas, lo que es propicio para mejorar la eficiencia de la producci\u00f3n y la consistencia del producto.\r\n\r\n<img class=\"size-medium wp-image-3095 aligncenter\" src=\"https:\/\/ekaislot.com\/wp-content\/uploads\/02dbb36f-8895-4856-bfdf-eb31d2b3fbb2-632x960.jpg\" alt=\"\" width=\"632\" height=\"960\" \/>\r\n<h2>Aplicaci\u00f3n:<\/h2>\r\nEn el proceso de producci\u00f3n de PTA, los filtros de disco desempe\u00f1an un papel indispensable en la parte inferior del reactor de hidrogenaci\u00f3n, tanto si se trata del m\u00e9todo tradicional de oxidaci\u00f3n a alta temperatura combinado con el proceso de hidrorrefinado, como del proceso qu\u00edmico ecol\u00f3gico emergente para producir PTA. Puede aplicarse a plantas de producci\u00f3n de PTA de diferentes tama\u00f1os, desde peque\u00f1as plantas a escala de laboratorio hasta plantas de producci\u00f3n industrial a gran escala.\r\n\r\nRefinado del petr\u00f3leo: En el proceso de hidrorrefinado, hidrocraqueo, etc., se utiliza para filtrar el petr\u00f3leo despu\u00e9s de la reacci\u00f3n, eliminar las part\u00edculas de catalizador, impurezas met\u00e1licas, sulfuros, etc., mejorar la calidad del petr\u00f3leo y cumplir los requisitos de procesamiento y uso posteriores.\r\n\r\nCampo de la producci\u00f3n qu\u00edmica: Por ejemplo, en el proceso de hidrogenaci\u00f3n de arom\u00e1ticos, hidrogenaci\u00f3n de olefinas y otras reacciones, los productos de reacci\u00f3n se filtran para garantizar la pureza y calidad del producto y evitar que las impurezas tengan efectos adversos en los equipos y procesos posteriores.","contact_title":"","contact":3092},"_links":{"self":[{"href":"https:\/\/www.ekaislot.com\/es\/wp-json\/wp\/v2\/product\/3087","targetHints":{"allow":["GET"]}}],"collection":[{"href":"https:\/\/www.ekaislot.com\/es\/wp-json\/wp\/v2\/product"}],"about":[{"href":"https:\/\/www.ekaislot.com\/es\/wp-json\/wp\/v2\/types\/product"}],"wp:featuredmedia":[{"embeddable":true,"href":"https:\/\/www.ekaislot.com\/es\/wp-json\/wp\/v2\/media\/3092"}],"wp:attachment":[{"href":"https:\/\/www.ekaislot.com\/es\/wp-json\/wp\/v2\/media?parent=3087"}],"wp:term":[{"taxonomy":"product-category","embeddable":true,"href":"https:\/\/www.ekaislot.com\/es\/wp-json\/wp\/v2\/product-category?post=3087"}],"curies":[{"name":"wp","href":"https:\/\/api.w.org\/{rel}","templated":true}]}}