{"id":3027,"date":"2026-02-06T17:32:11","date_gmt":"2026-02-06T09:32:11","guid":{"rendered":"https:\/\/ekaislot.com\/?post_type=product&#038;p=3027"},"modified":"2026-02-12T17:43:58","modified_gmt":"2026-02-12T09:43:58","slug":"header-and-lateral","status":"publish","type":"product","link":"https:\/\/www.ekaislot.com\/es\/product\/header-and-lateral\/","title":{"rendered":"Cabecera y laterales"},"featured_media":3205,"parent":0,"template":"","product-category":[192,190],"class_list":["post-3027","product","type-product","status-publish","has-post-thumbnail","hentry","product-category-axial-downflow-reactor-internals","product-category-reactor-internals"],"acf":{"brief":"A collector\/distributor utilising a header pipe or a hub to which several filtering tubes are attached to enable\r\nexcellent collection or distribution, of a gas or a liquid within a media without dead zones, wall effects or\r\nchanneling, in order to maximize efficiency.","product_image":[{"pro_img":3205},{"pro_img":3031}],"description":"<h2><b>Dise\u00f1o seg\u00fan su aplicaci\u00f3n<\/b><\/h2>\r\nCada proyecto debe ser estudiado a fondo, a partir de la configuraci\u00f3n del recipiente y las diferentes boquillas con el fin de proponer la mejor disposici\u00f3n entre \u201ccubo con radios\u201d a laterales paralelos, con o sin zona de drenaje para adaptarse a la forma del fondo del recipiente.\r\n\r\n<img class=\"size-medium wp-image-3292 aligncenter\" src=\"https:\/\/ekaislot.com\/wp-content\/uploads\/\u5fae\u4fe1\u56fe\u7247_20260212165932_210_69-960x335.png\" alt=\"\" width=\"960\" height=\"335\" \/>\r\n\r\nCada lateral podr\u00eda montarse sobre tubo perforado para optimizar tanto la resistencia mec\u00e1nica como la eficacia de recogida\/distribuci\u00f3n con orificios calibrados.Esta camisa deslizante podr\u00eda ser desmontable, permitiendo la posibilidad de retirar \u00fanicamente la camisa de la pantalla para eventuales operaciones de mantenimiento (proceso con alta erosi\u00f3n o entorno corrosivo).\r\n\r\n<img class=\"size-medium wp-image-3293 aligncenter\" src=\"https:\/\/ekaislot.com\/wp-content\/uploads\/\u5fae\u4fe1\u56fe\u7247_20260212170031_211_69-960x282.png\" alt=\"\" width=\"960\" height=\"282\" \/>\r\n\r\n<img class=\"size-medium wp-image-3295 alignleft\" src=\"https:\/\/ekaislot.com\/wp-content\/uploads\/\u56fe\u7247-400x960.png\" alt=\"\" width=\"400\" height=\"960\" \/>\r\n<h2><b>Par\u00e1metros de dise\u00f1o<\/b><\/h2>\r\n<h4>Par\u00e1metros del proceso<\/h4>\r\n<ul>\r\n \t<li>El caudal de fluido, la configuraci\u00f3n del recipiente, la presi\u00f3n de funcionamiento y la temperatura son necesarios para comprobar los par\u00e1metros \u00f3ptimos para la eficacia de la recogida\/distribuci\u00f3n.<\/li>\r\n<\/ul>\r\n<h4>Par\u00e1metros mec\u00e1nicos<\/h4>\r\n<ul>\r\n \t<li>El peso del lecho, la ca\u00edda de presi\u00f3n a trav\u00e9s del lecho son necesarios para dise\u00f1ar el equipo con todos los refuerzos necesarios.<\/li>\r\n<\/ul>\r\n&nbsp;\r\n\r\nEkaislot ha dise\u00f1ado, fabricado, renovado y mantenido un gran n\u00famero de sistemas de distribuci\u00f3n\/captaci\u00f3n en las condiciones de funcionamiento m\u00e1s severas.\r\n<ul>\r\n \t<li>Los equipos se adaptan perfectamente al entorno mec\u00e1nico teniendo en cuenta el movimiento del lecho, las fuertes ca\u00eddas de presi\u00f3n, seleccionando los m\u00e1s adecuados.<\/li>\r\n \t<li>Ekaislot puede obtener los mejores beneficios de una distribuci\u00f3n\/colecci\u00f3n optimizada, eligiendo el mejor modelo hidrodin\u00e1mico, que no permita zonas muertas, efectos de pared o canalizaci\u00f3n.<\/li>\r\n<\/ul>\r\n<h2><b>Aplicaci\u00f3n<\/b><\/h2>\r\nProcesos de hidrocarb\u00f3n como PTA, MEROX, MTBE , Filtro de arena, Filtro de arcilla\r\n<ul>\r\n \t<li>Tratamiento de aguas industriales con intercambiador de iones, filtro de carb\u00f3n activado, filtro de arena<\/li>\r\n \t<li>Procesamiento de alimentos como decoloraci\u00f3n para jarabe , columna cromatogr\u00e1fica, Tratamiento de minerales (Uranio,...)<\/li>\r\n<\/ul>\r\n<img class=\"size-medium wp-image-3294 aligncenter\" src=\"https:\/\/ekaislot.com\/wp-content\/uploads\/\u5fae\u4fe1\u56fe\u7247_20260212170103_212_69-960x427.png\" alt=\"\" width=\"960\" height=\"427\" \/>","contact_title":"","contact":3031},"_links":{"self":[{"href":"https:\/\/www.ekaislot.com\/es\/wp-json\/wp\/v2\/product\/3027","targetHints":{"allow":["GET"]}}],"collection":[{"href":"https:\/\/www.ekaislot.com\/es\/wp-json\/wp\/v2\/product"}],"about":[{"href":"https:\/\/www.ekaislot.com\/es\/wp-json\/wp\/v2\/types\/product"}],"wp:featuredmedia":[{"embeddable":true,"href":"https:\/\/www.ekaislot.com\/es\/wp-json\/wp\/v2\/media\/3205"}],"wp:attachment":[{"href":"https:\/\/www.ekaislot.com\/es\/wp-json\/wp\/v2\/media?parent=3027"}],"wp:term":[{"taxonomy":"product-category","embeddable":true,"href":"https:\/\/www.ekaislot.com\/es\/wp-json\/wp\/v2\/product-category?post=3027"}],"curies":[{"name":"wp","href":"https:\/\/api.w.org\/{rel}","templated":true}]}}