{"id":1748,"date":"2025-12-19T14:38:05","date_gmt":"2025-12-19T06:38:05","guid":{"rendered":"https:\/\/ekaislot.com\/?post_type=product&#038;p=1748"},"modified":"2026-03-10T13:52:49","modified_gmt":"2026-03-10T05:52:49","slug":"support-grid-2","status":"publish","type":"product","link":"https:\/\/www.ekaislot.com\/es\/product\/support-grid-2\/","title":{"rendered":"Rejilla de apoyo"},"featured_media":1760,"parent":0,"template":"","product-category":[192,190],"class_list":["post-1748","product","type-product","status-publish","has-post-thumbnail","hentry","product-category-axial-downflow-reactor-internals","product-category-reactor-internals"],"acf":{"brief":"The support grid serves as a catalyst retention device, spanning the entire cross-section of the vessel.","product_image":[{"pro_img":1760},{"pro_img":1751},{"pro_img":1752},{"pro_img":1753},{"pro_img":1754},{"pro_img":1755},{"pro_img":1756},{"pro_img":1757},{"pro_img":1758},{"pro_img":1759}],"description":"<ul class=\"list-paddingleft-2\" style=\"list-style-type: disc;\">\r\n \t<li>Hemos fabricado varias formas de rejilla, y el mecanizado de precisi\u00f3n de los componentes garantiza un ajuste perfecto.<\/li>\r\n \t<li>El montaje de prueba es un proceso de control est\u00e1ndar, y se emite un informe de prueba para garantizar que cumple exactamente las dimensiones as-built.<\/li>\r\n<\/ul>\r\n<img class=\"size-medium wp-image-3545 alignleft\" src=\"https:\/\/www.ekaislot.com\/wp-content\/uploads\/5-5-540x960.jpg\" alt=\"\" width=\"540\" height=\"960\" \/>\r\n\r\n<strong>Aplicaci\u00f3n:<\/strong> Endulzamiento de gas, secado de gas, eliminaci\u00f3n de azufre, hidrotratamiento, hidrocraqueo, hidrogenaci\u00f3n, etc.\r\n\r\n&nbsp;\r\n<h3>Dise\u00f1o basado en su aplicaci\u00f3n<\/h3>\r\nEl catalizador se selecciona por su eficacia, estabilidad y selectividad. El volumen de catalizador necesario forma un lecho con una altura fija basada en el di\u00e1metro del reactor.\r\n\r\nUn diagrama de carga del catalizador esboza la secuencia de bolas inertes y diversos tipos de catalizador, cada uno con tama\u00f1os y densidades aparentes espec\u00edficos. Estas capas de catalizador pueden formar un \u00fanico lecho o varios lechos en un reactor de lecho m\u00faltiple, lo que requiere la instalaci\u00f3n de varias rejillas de soporte dentro del mismo reactor.\r\n\r\nEn las operaciones de flujo axial, el conjunto de rejillas de soporte debe soportar las cargas verticales del proceso. Para garantizar su resistencia, las rejillas se refuerzan o se apoyan en vigas adicionales. Se ofrecen varios ejemplos de configuraci\u00f3n.\r\n\r\nSe suelen utilizar vigas en forma de T y en forma de I. Las vigas en T suelen seleccionarse para presiones de dise\u00f1o elevadas, ya que permiten que una parte significativa del alma quede embebida dentro del lecho por encima de la rejilla. Por el contrario, las vigas en I son m\u00e1s adecuadas para presiones de dise\u00f1o m\u00e1s ligeras, ya que sit\u00faan la viga por debajo de la rejilla.\r\n\r\nLa rejilla de apoyo est\u00e1 montada sobre un anillo que forma parte integrante de la coraza de presi\u00f3n. Se construye en sectores para su instalaci\u00f3n a trav\u00e9s de la boca de hombre del recipiente. Determinados procesos requieren un sistema de bloqueo para fijar los paneles en su sitio.\r\n\r\nSe mantiene un peque\u00f1o espacio entre la rejilla de soporte y la pared de la vasija para acomodar la expansi\u00f3n t\u00e9rmica diferencial, proporcionar espacio libre para la instalaci\u00f3n y tener en cuenta las tolerancias de fabricaci\u00f3n o cualquier falta de redondez del reactor.\r\n\r\n&nbsp;\r\n<h3>Par\u00e1metros de dise\u00f1o<\/h3>\r\n<strong>Par\u00e1metros del proceso: <\/strong>\r\n\r\nLos par\u00e1metros clave del proceso incluyen la temperatura de dise\u00f1o y de funcionamiento, la ca\u00edda de presi\u00f3n a trav\u00e9s del catalizador, el tama\u00f1o de la abertura y el porcentaje de \u00e1rea abierta. Se necesitan condiciones adicionales, como cambios en la direcci\u00f3n del flujo y ciclos de proceso, para determinar el tipo de conjunto de rejilla adecuado.\r\n\r\n&nbsp;\r\n\r\n<strong>Par\u00e1metros mec\u00e1nicos:<\/strong>\r\n\r\nLos requisitos mec\u00e1nicos, como el tama\u00f1o del pozo, el peso del catalizador y la tolerancia a la corrosi\u00f3n, son esenciales para definir el refuerzo necesario, en su caso.","contact_title":"","contact":1760},"_links":{"self":[{"href":"https:\/\/www.ekaislot.com\/es\/wp-json\/wp\/v2\/product\/1748","targetHints":{"allow":["GET"]}}],"collection":[{"href":"https:\/\/www.ekaislot.com\/es\/wp-json\/wp\/v2\/product"}],"about":[{"href":"https:\/\/www.ekaislot.com\/es\/wp-json\/wp\/v2\/types\/product"}],"wp:featuredmedia":[{"embeddable":true,"href":"https:\/\/www.ekaislot.com\/es\/wp-json\/wp\/v2\/media\/1760"}],"wp:attachment":[{"href":"https:\/\/www.ekaislot.com\/es\/wp-json\/wp\/v2\/media?parent=1748"}],"wp:term":[{"taxonomy":"product-category","embeddable":true,"href":"https:\/\/www.ekaislot.com\/es\/wp-json\/wp\/v2\/product-category?post=1748"}],"curies":[{"name":"wp","href":"https:\/\/api.w.org\/{rel}","templated":true}]}}