{"id":1736,"date":"2025-12-19T14:35:05","date_gmt":"2025-12-19T06:35:05","guid":{"rendered":"https:\/\/ekaislot.com\/?post_type=product&#038;p=1736"},"modified":"2026-02-11T17:09:44","modified_gmt":"2026-02-11T09:09:44","slug":"scallops-2","status":"publish","type":"product","link":"https:\/\/www.ekaislot.com\/es\/product\/scallops-2\/","title":{"rendered":"Vieiras"},"featured_media":1744,"parent":0,"template":"","product-category":[194,190],"class_list":["post-1736","product","type-product","status-publish","has-post-thumbnail","hentry","product-category-radial-flow-reactor-internals","product-category-reactor-internals"],"acf":{"brief":"The center pipes inside the radial flow reactors are used for flow collection or distribution. They are Scallops inside the radial flow reactors are for flow collection or distribution. It is generally D-shape, extending parallel to the inner vessel wall,and its inner layer delimits the outer layer of the catalyst bed.","product_image":[{"pro_img":1744},{"pro_img":1739},{"pro_img":1740},{"pro_img":1741},{"pro_img":1742},{"pro_img":1743}],"description":"<ul class=\"list-paddingleft-2\" style=\"list-style-type: disc;\">\r\n \t<li>El dise\u00f1o mec\u00e1nico del equipo tiene en cuenta las cargas generadas en funcionamiento.<\/li>\r\n \t<li>Tras los defectos detectados en las pruebas de campo y las reacciones recibidas durante las fases de transici\u00f3n entre calefacci\u00f3n, refrigeraci\u00f3n y regeneraci\u00f3n, el dise\u00f1o se mejora en consecuencia.<\/li>\r\n \t<li>La verticalidad y la rectitud de la cesta exterior se miden con l\u00e1ser, y la redondez se controla dentro de un margen de error determinado.<\/li>\r\n<\/ul>\r\n&nbsp;\r\n\r\n<strong>Aplicaci\u00f3n:<\/strong> Unidad de reformado catal\u00edtico continuo (RCC).\r\n\r\n&nbsp;\r\n<h3>Dise\u00f1o basado en su aplicaci\u00f3n<\/h3>\r\nLa cubierta cierra el hueco entre el componente interno de la pantalla y el fest\u00f3n. La direcci\u00f3n del flujo puede ser hacia fuera o hacia dentro.\r\n\r\n&nbsp;\r\n<p style=\"text-align: center;\"><img style=\"margin: 0 20px;\" src=\"https:\/\/ekaislot.com\/wp-content\/uploads\/23.jpg\" \/><img style=\"margin: 0 20px;\" src=\"https:\/\/ekaislot.com\/wp-content\/uploads\/24.jpg\" \/><img style=\"margin: 0 20px;\" src=\"https:\/\/ekaislot.com\/wp-content\/uploads\/25.jpg\" \/><img style=\"margin: 0 20px;\" src=\"https:\/\/ekaislot.com\/wp-content\/uploads\/26.jpg\" \/><\/p>\r\n&nbsp;\r\n\r\nLos festones suelen instalarse a trav\u00e9s de la boca de inspecci\u00f3n superior del buque, montados sobre un anillo de soporte fijado a la pared del buque.\r\n\r\n \r\n\r\nEstas estructuras huecas distribuyen y recogen el flujo de gas a trav\u00e9s de su superficie interior. Cada fest\u00f3n se coloca junto a los dem\u00e1s, formando un conjunto. El caudal que atraviesa cada fest\u00f3n es proporcional a su secci\u00f3n transversal, y la capacidad total del reactor es la suma de los caudales de todos los festones.\r\n\r\n&nbsp;\r\n<p style=\"text-align: center;\"><img src=\"https:\/\/ekaislot.com\/wp-content\/uploads\/17a.jpg\" \/><\/p>\r\nPara evitar puntos calientes en la carcasa del recipiente durante el funcionamiento a alta temperatura, se pueden aplicar materiales refractarios o de revestimiento a la carcasa para una protecci\u00f3n adicional.\r\n\r\n&nbsp;\r\n<h3>Par\u00e1metros de dise\u00f1o<\/h3>\r\n<strong>Par\u00e1metros del proceso: <\/strong>\r\n\r\nEl caudal de gas y la ca\u00edda de presi\u00f3n a trav\u00e9s del catalizador son condiciones clave del proceso que se utilizan para determinar el di\u00e1metro interior, la longitud y la secci\u00f3n transversal de los festones y, si procede, el porcentaje de perforaci\u00f3n en el sistema de distribuci\u00f3n.\r\n\r\n&nbsp;\r\n\r\n<strong>Par\u00e1metros mec\u00e1nicos:<\/strong>\r\n\r\nEl peso del catalizador, las cargas axiales y radiales y la temperatura de dise\u00f1o son factores esenciales para definir el refuerzo mec\u00e1nico necesario.","contact_title":"","contact":1744},"_links":{"self":[{"href":"https:\/\/www.ekaislot.com\/es\/wp-json\/wp\/v2\/product\/1736","targetHints":{"allow":["GET"]}}],"collection":[{"href":"https:\/\/www.ekaislot.com\/es\/wp-json\/wp\/v2\/product"}],"about":[{"href":"https:\/\/www.ekaislot.com\/es\/wp-json\/wp\/v2\/types\/product"}],"wp:featuredmedia":[{"embeddable":true,"href":"https:\/\/www.ekaislot.com\/es\/wp-json\/wp\/v2\/media\/1744"}],"wp:attachment":[{"href":"https:\/\/www.ekaislot.com\/es\/wp-json\/wp\/v2\/media?parent=1736"}],"wp:term":[{"taxonomy":"product-category","embeddable":true,"href":"https:\/\/www.ekaislot.com\/es\/wp-json\/wp\/v2\/product-category?post=1736"}],"curies":[{"name":"wp","href":"https:\/\/api.w.org\/{rel}","templated":true}]}}