{"id":1718,"date":"2025-12-19T14:29:54","date_gmt":"2025-12-19T06:29:54","guid":{"rendered":"https:\/\/ekaislot.com\/?post_type=product&#038;p=1718"},"modified":"2026-03-10T13:51:45","modified_gmt":"2026-03-10T05:51:45","slug":"quench-system","status":"publish","type":"product","link":"https:\/\/www.ekaislot.com\/es\/product\/quench-system\/","title":{"rendered":"Sistema Quench"},"featured_media":1731,"parent":0,"template":"","product-category":[192,190],"class_list":["post-1718","product","type-product","status-publish","has-post-thumbnail","hentry","product-category-axial-downflow-reactor-internals","product-category-reactor-internals"],"acf":{"brief":"In multi-bed reactors, the process may require a cooling phase between two beds. This can be achieved by injecting a fluid, which is then collected, mixed, and redistributed over the subsequent bed.","product_image":[{"pro_img":1731},{"pro_img":1721},{"pro_img":1722},{"pro_img":1723},{"pro_img":1724},{"pro_img":1725},{"pro_img":1726},{"pro_img":1727},{"pro_img":1728},{"pro_img":1729},{"pro_img":1730}],"description":"<ul class=\"list-paddingleft-2\" style=\"list-style-type: disc;\">\r\n \t<li>Dise\u00f1o personalizado adaptado a la aplicaci\u00f3n, o dise\u00f1o detallado seg\u00fan especificaciones, garantizando que no haya interferencias con otros componentes internos del reactor.<\/li>\r\n \t<li>Dise\u00f1o mec\u00e1nico que limita la flexi\u00f3n durante el funcionamiento.<\/li>\r\n \t<li>Dispositivos de fijaci\u00f3n dise\u00f1ados para asegurar cada panel del conjunto de la bandeja.<\/li>\r\n \t<li>Tolerancias de fabricaci\u00f3n estrictas para garantizar la planitud del panel.<\/li>\r\n \t<li>Juntas para evitar fugas de l\u00edquido a trav\u00e9s de las juntas de los paneles.<\/li>\r\n \t<li>Ensamblaje de prueba en el taller Ekaislot como control est\u00e1ndar, con un informe que eval\u00faa si las dimensiones dadas coinciden con las dimensiones as-built del buque.<\/li>\r\n \t<li>Servicios de asistencia t\u00e9cnica o supervisi\u00f3n in situ prestados por Ekaislot para garantizar la correcta instalaci\u00f3n y la aplicaci\u00f3n de todas las precauciones requeridas.<\/li>\r\n<\/ul>\r\n<img class=\"size-medium wp-image-3544 alignleft\" src=\"https:\/\/www.ekaislot.com\/wp-content\/uploads\/1-21-540x960.jpg\" alt=\"\" width=\"540\" height=\"960\" \/>\r\n\r\n<strong>Aplicaci\u00f3n:<\/strong> \u00a0Hidrotratamiento, hidrocraqueo, hidrogenaci\u00f3n.\r\n\r\n&nbsp;\r\n<h3>Dise\u00f1o basado en su aplicaci\u00f3n<\/h3>\r\nEl sistema de mezcla consta de una bandeja de recogida horizontal, una c\u00e1mara de mezcla situada debajo y al menos un conducto que se extiende a trav\u00e9s de la bandeja de recogida hasta la c\u00e1mara de mezcla. Juntas, la bandeja de recogida y la c\u00e1mara de mezcla crean un volumen de mezcla de dos fases. El paso permite que el fluido fluya desde la parte superior de la bandeja de recogida hasta la c\u00e1mara de mezcla, que est\u00e1 equipada con al menos una abertura de salida para el flujo descendente del fluido.\r\n\r\n \r\n\r\nLa mezcla del fluido de enfriamiento mejora notablemente cuando \u00e9ste se introduce en una regi\u00f3n situada por encima de la bandeja de recogida. La direcci\u00f3n de inyecci\u00f3n se elige cuidadosamente para promover el flujo rotacional en la bandeja de recogida, mejorando el proceso de mezcla.\r\n<table width=\"100%\">\r\n<tbody>\r\n<tr class=\"firstRow\">\r\n<td style=\"word-break: break-all; border-color: #ffffff;\" align=\"center\" valign=\"top\" width=\"525\">\r\n<p style=\"text-align: center;\"><img src=\"https:\/\/ekaislot.com\/wp-content\/uploads\/1-Quench-injection-ring.png\" \/><\/p>\r\n<p style=\"text-align: center;\">Anillo de inyecci\u00f3n de enfriamiento<\/p>\r\n&nbsp;<\/td>\r\n<td style=\"word-break: break-all; border-color: #ffffff;\" align=\"center\" valign=\"top\" width=\"525\">\r\n<p style=\"text-align: center;\"><img style=\"width: 400px; height: 300px; margin: 0px; border: 0px solid;\" title=\"\" src=\"https:\/\/ekaislot.com\/wp-content\/uploads\/2-Collection-tray-and-mixing-chamber.png\" width=\"400\" height=\"300\" border=\"0\" hspace=\"0\" vspace=\"0\" \/><\/p>\r\n<p style=\"text-align: center;\">Bandeja de recogida y c\u00e1mara de mezcla<\/p>\r\n<\/td>\r\n<\/tr>\r\n<\/tbody>\r\n<\/table>\r\n<h3>Par\u00e1metros de dise\u00f1o<\/h3>\r\n<strong>Par\u00e1metros del proceso: <\/strong>\r\n\r\nLos par\u00e1metros clave del proceso incluyen la temperatura de dise\u00f1o y de funcionamiento, los caudales de l\u00edquido y gas con sus caracter\u00edsticas f\u00edsicas, y la ca\u00edda de presi\u00f3n a trav\u00e9s de la inyecci\u00f3n de temple. Dado que el dise\u00f1o del temple es fundamental para el rendimiento del proceso, el licenciante del proceso define el tipo, la cantidad y la configuraci\u00f3n de las boquillas de pulverizaci\u00f3n (como un simple tubo anular o un cabezal con laterales). Adem\u00e1s, el dise\u00f1o de la bandeja de recogida debe determinar la cantidad, la forma y la secci\u00f3n transversal de las aberturas de salida. El tama\u00f1o y la forma de la c\u00e1mara de mezcla tambi\u00e9n vienen determinados por los par\u00e1metros del proceso, sobre todo porque el tiempo de residencia influye en la eficacia de la mezcla.\r\n\r\n&nbsp;\r\n\r\n<strong>Par\u00e1metros mec\u00e1nicos:<\/strong>\r\n\r\nEl tama\u00f1o del pozo, la altura m\u00e1xima del l\u00edquido en la bandeja, la deflexi\u00f3n aceptable de la bandeja y la tolerancia a la corrosi\u00f3n son par\u00e1metros mec\u00e1nicos cr\u00edticos utilizados para determinar el refuerzo necesario.","contact_title":"","contact":1731},"_links":{"self":[{"href":"https:\/\/www.ekaislot.com\/es\/wp-json\/wp\/v2\/product\/1718","targetHints":{"allow":["GET"]}}],"collection":[{"href":"https:\/\/www.ekaislot.com\/es\/wp-json\/wp\/v2\/product"}],"about":[{"href":"https:\/\/www.ekaislot.com\/es\/wp-json\/wp\/v2\/types\/product"}],"wp:featuredmedia":[{"embeddable":true,"href":"https:\/\/www.ekaislot.com\/es\/wp-json\/wp\/v2\/media\/1731"}],"wp:attachment":[{"href":"https:\/\/www.ekaislot.com\/es\/wp-json\/wp\/v2\/media?parent=1718"}],"wp:term":[{"taxonomy":"product-category","embeddable":true,"href":"https:\/\/www.ekaislot.com\/es\/wp-json\/wp\/v2\/product-category?post=1718"}],"curies":[{"name":"wp","href":"https:\/\/api.w.org\/{rel}","templated":true}]}}