{"id":1710,"date":"2025-12-19T14:24:01","date_gmt":"2025-12-19T06:24:01","guid":{"rendered":"https:\/\/ekaislot.com\/?post_type=product&#038;p=1710"},"modified":"2026-02-11T17:11:10","modified_gmt":"2026-02-11T09:11:10","slug":"polycrystalline-silicon-hydrogenation-reactor-internals","status":"publish","type":"product","link":"https:\/\/www.ekaislot.com\/es\/product\/polycrystalline-silicon-hydrogenation-reactor-internals\/","title":{"rendered":"Reactores internos de hidrogenaci\u00f3n de silicio policristalino"},"featured_media":2100,"parent":0,"template":"","product-category":[190,196],"class_list":["post-1710","product","type-product","status-publish","has-post-thumbnail","hentry","product-category-reactor-internals","product-category-special-proprietary-reactor-internals"],"acf":{"brief":"Polycrystalline silicon hydrogenation reactor internals is made of expensive 800H,which costs 8 million RMB. Ekaislot supplies exquisite welding technique as 800 H is rigid and wearable, being applied under high temperature and pressure.","product_image":[{"pro_img":2100},{"pro_img":2101},{"pro_img":2102},{"pro_img":2103}],"description":"<strong style=\"text-wrap-mode: wrap;\">Aplicaci\u00f3n:<\/strong>\r\n\r\n<span style=\"font-size: 14px; font-family: 'Calibri',sans-serif;\">La aplicaci\u00f3n de los componentes internos del reactor de polisilicio abarca\u00a0<\/span>emiconductores, fotovoltaica, qu\u00edmica y otros campos, y se extiende a campos de fabricaci\u00f3n de alta gama como las nuevas energ\u00edas y la industria aeroespacial. A continuaci\u00f3n se exponen los escenarios de aplicaci\u00f3n espec\u00edficos y las caracter\u00edsticas de la industria:\r\n\r\n&nbsp;\r\n<ul class=\"list-paddingleft-2\" style=\"list-style-type: disc;\">\r\n \t<li>Industria de semiconductores<\/li>\r\n<\/ul>\r\nProducci\u00f3n de silicio monocristalino: el silicio policristalino se purifica (como el m\u00e9todo de fusi\u00f3n por zonas, el m\u00e9todo Zzopull) para obtener barras de silicio monocristalino de gran pureza, que se utilizan en la producci\u00f3n de circuitos integrados (CI), microprocesadores, chips de memoria y otros dispositivos semiconductores.\r\n\r\nRequisitos especiales: La pureza del polisilicio de grado semiconductor debe ser superior a 9N (99,9999999%), y la limpieza y resistencia a la corrosi\u00f3n de los componentes internos del reactor son extremadamente altas, por lo que debe evitarse la contaminaci\u00f3n por iones met\u00e1licos o part\u00edculas.\r\n\r\n&nbsp;\r\n<ul class=\"list-paddingleft-2\" style=\"list-style-type: disc;\">\r\n \t<li>Industria fotovoltaica (solar)<\/li>\r\n<\/ul>\r\nProducci\u00f3n de lingotes policristalinos y obleas monocristalinas: El polisilicio se fabrica en lingotes\/ingotes mediante solidificaci\u00f3n direccional o tracci\u00f3n Cyzoral, que se cortan en obleas para la fabricaci\u00f3n de paneles solares.\r\n\r\nCuota de mercado: La industria fotovoltaica consume alrededor de 90% de la producci\u00f3n mundial de polisilicio y es la mayor \u00e1rea de aplicaci\u00f3n.\r\n\r\n&nbsp;\r\n<ul class=\"list-paddingleft-2\" style=\"list-style-type: disc;\">\r\n \t<li>Industria qu\u00edmica y de nuevos materiales-Materiales de silicona<\/li>\r\n<\/ul>\r\n<span style=\"text-wrap-mode: wrap;\">Escenarios de aplicaci\u00f3n:\u00a0<\/span>El polisilicio se utiliza como materia prima para producir productos intermedios como triclorosilano y tetracloruro de silicio, y sintetizar posteriormente aceite de silicona, caucho de silicona, resina de silicona y otros productos de silicona para sellantes de construcci\u00f3n, materiales de envasado electr\u00f3nico, aparatos m\u00e9dicos, etc.\r\n\r\nCaracter\u00edsticas de los embellecedores: los reactores deben ser resistentes a la corrosi\u00f3n por cloruro de hidr\u00f3geno (HCl), utilizar embellecedores de Hastelloy (por ejemplo, C-276) o recubiertos de esmalte, y los dispositivos de distribuci\u00f3n de gas deben mejorar la mezcla gas-l\u00edquido (por ejemplo, inyectores de chorro).\r\n\r\n&nbsp;\r\n<ul class=\"list-paddingleft-2\" style=\"list-style-type: disc;\">\r\n \t<li>Veh\u00edculos de nueva energ\u00eda y almacenamiento de energ\u00eda<\/li>\r\n<\/ul>\r\nAplicaciones indirectas: El polisilicio se utiliza en la producci\u00f3n de chips IGBT (transistores bipolares de puerta aislada), que son los componentes b\u00e1sicos de los sistemas de control electr\u00f3nico y las pilas de carga de los veh\u00edculos de nueva energ\u00eda; los materiales an\u00f3dicos a base de silicio se utilizan en las bater\u00edas de litio para mejorar la densidad energ\u00e9tica.\r\n\r\nRequisitos de corte: Los recortes de polisilicio de grado semiconductor deben cumplir un mayor nivel de limpieza (por ejemplo, tecnolog\u00eda de sellado de fluidos magn\u00e9ticos para evitar la entrada de part\u00edculas externas).\r\n\r\n&nbsp;\r\n<ul class=\"list-paddingleft-2\" style=\"list-style-type: disc;\">\r\n \t<li>Aeroespacial y defensa<\/li>\r\n<\/ul>\r\nEscenarios de aplicaci\u00f3n: El polisilicio de alta pureza se utiliza en la fabricaci\u00f3n de radomos, ventanas \u00f3pticas de infrarrojos (aprovechando las propiedades de transmisi\u00f3n de luz del silicio) y materiales de gesti\u00f3n t\u00e9rmica de naves espaciales (como los compuestos a base de silicio).\r\n\r\nRequisitos t\u00e9cnicos: Los componentes internos se prueban en entornos extremos (por ejemplo, vac\u00edo, ciclos de alta y baja temperatura) y se fabrican con grafito monocristalino o componentes recubiertos de zafiro para garantizar su fiabilidad a largo plazo.","contact_title":"","contact":2100},"_links":{"self":[{"href":"https:\/\/www.ekaislot.com\/es\/wp-json\/wp\/v2\/product\/1710","targetHints":{"allow":["GET"]}}],"collection":[{"href":"https:\/\/www.ekaislot.com\/es\/wp-json\/wp\/v2\/product"}],"about":[{"href":"https:\/\/www.ekaislot.com\/es\/wp-json\/wp\/v2\/types\/product"}],"wp:featuredmedia":[{"embeddable":true,"href":"https:\/\/www.ekaislot.com\/es\/wp-json\/wp\/v2\/media\/2100"}],"wp:attachment":[{"href":"https:\/\/www.ekaislot.com\/es\/wp-json\/wp\/v2\/media?parent=1710"}],"wp:term":[{"taxonomy":"product-category","embeddable":true,"href":"https:\/\/www.ekaislot.com\/es\/wp-json\/wp\/v2\/product-category?post=1710"}],"curies":[{"name":"wp","href":"https:\/\/api.w.org\/{rel}","templated":true}]}}