{"id":1697,"date":"2025-12-19T14:19:31","date_gmt":"2025-12-19T06:19:31","guid":{"rendered":"https:\/\/ekaislot.com\/?post_type=product&#038;p=1697"},"modified":"2026-03-10T13:53:59","modified_gmt":"2026-03-10T05:53:59","slug":"outlet-collector","status":"publish","type":"product","link":"https:\/\/www.ekaislot.com\/es\/product\/outlet-collector\/","title":{"rendered":"Colector de salida"},"featured_media":1705,"parent":0,"template":"","product-category":[192,190],"class_list":["post-1697","product","type-product","status-publish","has-post-thumbnail","hentry","product-category-axial-downflow-reactor-internals","product-category-reactor-internals"],"acf":{"brief":"Outlet collector is collecting the flow from the reactor towards the outlet vessel nozzle.","product_image":[{"pro_img":1705},{"pro_img":1700},{"pro_img":1701},{"pro_img":1702},{"pro_img":1703},{"pro_img":1704}],"description":"<ul class=\"list-paddingleft-2\" style=\"list-style-type: disc;\">\r\n \t<li>Para garantizar que no se produzca una ca\u00edda de presi\u00f3n tras el funcionamiento durante un ciclo, es necesario reducir la restricci\u00f3n de caudal mediante la elevada \u00e1rea abierta de la pantalla de alambre en cu\u00f1a.<\/li>\r\n \t<li>El mecanizado de precisi\u00f3n de los componentes garantiza un ajuste perfecto.<\/li>\r\n<\/ul>\r\n<img class=\"size-medium wp-image-3546 alignleft\" src=\"https:\/\/www.ekaislot.com\/wp-content\/uploads\/7-8-540x960.jpg\" alt=\"\" width=\"540\" height=\"960\" \/>\r\n\r\n<strong>Aplicaci\u00f3n:<\/strong> Endulzamiento de gas, secado de gas, eliminaci\u00f3n de azufre, hidrotratamiento, hidrocraqueo, hidrogenaci\u00f3n, etc.\r\n<h3>Dise\u00f1o basado en su aplicaci\u00f3n<\/h3>\r\nEn el modelo est\u00e1ndar de flujo descendente, el colector de salida est\u00e1 oculto dentro de un lecho de bolas sumergido que llena el fondo del reactor o situado debajo de una rejilla de soporte que distribuye o recoge el flujo. En este \u00faltimo caso, el colector de salida tambi\u00e9n puede dise\u00f1arse como un dispositivo de retenci\u00f3n de seguridad para contener las fugas de catalizador.\r\n<p style=\"text-align: center;\"><img src=\"https:\/\/ekaislot.com\/wp-content\/uploads\/14a.jpg\" \/><\/p>\r\nEl dise\u00f1o del colector de salida puede variar en funci\u00f3n de la altura del fondo del recipiente, las condiciones del proceso y la din\u00e1mica de los fluidos. Aunque la forma cil\u00edndrica es la m\u00e1s utilizada, las formas c\u00f3nica y semiesf\u00e9rica tambi\u00e9n son opciones viables. Las consideraciones de dise\u00f1o, como las boquillas de descarga del catalizador o las aberturas de acceso para la limpieza, suelen ser necesarias e influyen en el dise\u00f1o del colector de salida. Para mejorar el flujo ascendente, se incorporan caracter\u00edsticas como zonas abiertas controladas y deflectores, con el objetivo de lograr una distribuci\u00f3n del flujo lo m\u00e1s uniforme posible.\r\n<p style=\"text-align: center;\"><img src=\"https:\/\/ekaislot.com\/wp-content\/uploads\/14b.jpg\" \/><\/p>\r\n&nbsp;\r\n\r\nLa conexi\u00f3n con el cabezal del recipiente debe alinearse con la forma de la carcasa para garantizar un sellado correcto. El colector de salida se apoya en un soporte mecanizado o en un anillo de centrado. Se puede utilizar un manguito de fijaci\u00f3n para colocar el conjunto y evitar el contacto directo entre la soldadura de la boquilla y los gases calientes.\r\n\r\n \r\n\r\nLos colectores de salida se instalan normalmente en sectores que atraviesan la boca de hombre del recipiente. Durante la regeneraci\u00f3n inversa o la operaci\u00f3n est\u00e1ndar de flujo ascendente, el colector de salida se coloca debajo de la tobera superior del recipiente, operando en direcci\u00f3n opuesta al difusor de alimentaci\u00f3n. Para evitar la p\u00e9rdida de catalizador debida a la fluidizaci\u00f3n del lecho o al posible arrastre de catalizador, el dise\u00f1o incluye caracter\u00edsticas para retener el catalizador. Adem\u00e1s, se aplican los mismos elementos de dise\u00f1o para garantizar un sellado eficaz.\r\n\r\n&nbsp;\r\n<p style=\"text-align: center;\"><img src=\"https:\/\/ekaislot.com\/wp-content\/uploads\/14c.jpg\" \/><\/p>\r\n&nbsp;\r\n<h3>Par\u00e1metros de dise\u00f1o<\/h3>\r\n<strong>Par\u00e1metros del proceso: <\/strong>\r\n\r\nLos par\u00e1metros clave del proceso incluyen la temperatura de dise\u00f1o y de funcionamiento, la ca\u00edda de presi\u00f3n a trav\u00e9s del catalizador, el tama\u00f1o de la boquilla, el tama\u00f1o de la abertura y el porcentaje de \u00e1rea abierta. Para determinar el tipo y el tama\u00f1o del colector de salida son necesarias condiciones adicionales, como cambios en la direcci\u00f3n del flujo y ciclos del proceso.\r\n\r\n&nbsp;\r\n\r\n<strong>Par\u00e1metros mec\u00e1nicos:<\/strong>\r\n\r\nEl refuerzo necesario viene definido por requisitos mec\u00e1nicos como el tama\u00f1o del pozo, el peso del catalizador y las bolas de cer\u00e1mica, y la tolerancia a la corrosi\u00f3n.","contact_title":"","contact":1705},"_links":{"self":[{"href":"https:\/\/www.ekaislot.com\/es\/wp-json\/wp\/v2\/product\/1697","targetHints":{"allow":["GET"]}}],"collection":[{"href":"https:\/\/www.ekaislot.com\/es\/wp-json\/wp\/v2\/product"}],"about":[{"href":"https:\/\/www.ekaislot.com\/es\/wp-json\/wp\/v2\/types\/product"}],"wp:featuredmedia":[{"embeddable":true,"href":"https:\/\/www.ekaislot.com\/es\/wp-json\/wp\/v2\/media\/1705"}],"wp:attachment":[{"href":"https:\/\/www.ekaislot.com\/es\/wp-json\/wp\/v2\/media?parent=1697"}],"wp:term":[{"taxonomy":"product-category","embeddable":true,"href":"https:\/\/www.ekaislot.com\/es\/wp-json\/wp\/v2\/product-category?post=1697"}],"curies":[{"name":"wp","href":"https:\/\/api.w.org\/{rel}","templated":true}]}}