{"id":1682,"date":"2025-12-19T14:13:15","date_gmt":"2025-12-19T06:13:15","guid":{"rendered":"https:\/\/ekaislot.com\/?post_type=product&#038;p=1682"},"modified":"2026-02-11T17:10:08","modified_gmt":"2026-02-11T09:10:08","slug":"outer-basket","status":"publish","type":"product","link":"https:\/\/www.ekaislot.com\/es\/product\/outer-basket\/","title":{"rendered":"Cesta exterior"},"featured_media":1693,"parent":0,"template":"","product-category":[194,190],"class_list":["post-1682","product","type-product","status-publish","has-post-thumbnail","hentry","product-category-radial-flow-reactor-internals","product-category-reactor-internals"],"acf":{"brief":"Outer baskets inside the radial flow reactors are for flow collection or distribution.","product_image":[{"pro_img":1693},{"pro_img":1685},{"pro_img":1686},{"pro_img":1687},{"pro_img":1688},{"pro_img":1689},{"pro_img":1690},{"pro_img":1691},{"pro_img":1692}],"description":"<ul class=\"list-paddingleft-2\" style=\"list-style-type: disc;\">\r\n \t<li>El dise\u00f1o mec\u00e1nico del equipo tiene en cuenta las cargas generadas en funcionamiento.<\/li>\r\n \t<li>Tras los defectos detectados en las pruebas de campo y las reacciones recibidas durante las fases de transici\u00f3n entre calefacci\u00f3n, refrigeraci\u00f3n y regeneraci\u00f3n, el dise\u00f1o se mejora en consecuencia.<\/li>\r\n \t<li>La verticalidad y la rectitud de la cesta exterior se miden con l\u00e1ser, y la redondez se controla dentro de un margen de error determinado.<\/li>\r\n<\/ul>\r\n&nbsp;\r\n\r\n<strong>Aplicaci\u00f3n:<\/strong> Tratamiento de gases, Platforming, reformado, CCR, convertidor de amon\u00edaco, estireno.\r\n\r\n&nbsp;\r\n<h3>Dise\u00f1o basado en su aplicaci\u00f3n<\/h3>\r\nLa cubierta cierra el hueco entre el componente interno de la pantalla y el fest\u00f3n. La direcci\u00f3n del flujo puede ser hacia fuera o hacia dentro.\r\n\r\n&nbsp;\r\n<p style=\"text-align: center;\"><img style=\"margin: 0 20px;\" src=\"https:\/\/ekaislot.com\/wp-content\/uploads\/23.jpg\" \/><img style=\"margin: 0 20px;\" src=\"https:\/\/ekaislot.com\/wp-content\/uploads\/24.jpg\" \/><img style=\"margin: 0 20px;\" src=\"https:\/\/ekaislot.com\/wp-content\/uploads\/25.jpg\" \/><img style=\"margin: 0 20px;\" src=\"https:\/\/ekaislot.com\/wp-content\/uploads\/26.jpg\" \/><\/p>\r\n&nbsp;\r\n\r\nLa cesta exterior es un componente de una sola pieza instalado a lo largo de toda la secci\u00f3n transversal del recipiente. Se apoya de forma independiente en un anillo de soporte fijado a la carcasa del recipiente.\r\n\r\n \r\n\r\nAl ser independiente, la cesta exterior crea una mayor distancia con respecto a la superficie interior del recipiente, lo que permite una mayor capacidad de caudal. El espacio anular se mantiene constante independientemente de la direcci\u00f3n del flujo. Al estar separada de la carcasa del recipiente, soporta toda la tensi\u00f3n mec\u00e1nica del lecho de catalizador, al tiempo que evita la compresi\u00f3n por la tensi\u00f3n transmitida por la carcasa del recipiente.\r\n\r\n&nbsp;\r\n<p style=\"text-align: center;\"><img src=\"https:\/\/ekaislot.com\/wp-content\/uploads\/17a.jpg\" \/><\/p>\r\n&nbsp;\r\n<h3>Par\u00e1metros de dise\u00f1o<img style=\"float: right; width: 268px; height: 246px; margin: 0px; border: 0px solid;\" title=\"\" src=\"https:\/\/ekaislot.com\/wp-content\/uploads\/3-Mechanical-Design-parameters-for-Outer-Basket.png\" width=\"268\" height=\"246\" border=\"0\" hspace=\"0\" vspace=\"0\" \/><\/h3>\r\n<strong>Par\u00e1metros del proceso: <\/strong>\r\n\r\nEl flujo de gas y la ca\u00edda de presi\u00f3n a trav\u00e9s del catalizador son factores clave del proceso que se utilizan para determinar el di\u00e1metro interior de la cesta exterior en relaci\u00f3n con la carcasa del recipiente, su longitud y el sistema de distribuci\u00f3n, incluido el porcentaje de perforaci\u00f3n, si procede.\r\n\r\n&nbsp;\r\n\r\n<strong>Par\u00e1metros mec\u00e1nicos:<\/strong>\r\n\r\nPara definir el refuerzo necesario es necesario tener en cuenta consideraciones mec\u00e1nicas como el peso del catalizador (W), la carga axial (F), la carga radial (\u0394P), la temperatura de dise\u00f1o, los ciclos de funcionamiento y las condiciones de arranque y parada.","contact_title":"","contact":1693},"_links":{"self":[{"href":"https:\/\/www.ekaislot.com\/es\/wp-json\/wp\/v2\/product\/1682","targetHints":{"allow":["GET"]}}],"collection":[{"href":"https:\/\/www.ekaislot.com\/es\/wp-json\/wp\/v2\/product"}],"about":[{"href":"https:\/\/www.ekaislot.com\/es\/wp-json\/wp\/v2\/types\/product"}],"wp:featuredmedia":[{"embeddable":true,"href":"https:\/\/www.ekaislot.com\/es\/wp-json\/wp\/v2\/media\/1693"}],"wp:attachment":[{"href":"https:\/\/www.ekaislot.com\/es\/wp-json\/wp\/v2\/media?parent=1682"}],"wp:term":[{"taxonomy":"product-category","embeddable":true,"href":"https:\/\/www.ekaislot.com\/es\/wp-json\/wp\/v2\/product-category?post=1682"}],"curies":[{"name":"wp","href":"https:\/\/api.w.org\/{rel}","templated":true}]}}