{"id":1666,"date":"2025-12-19T14:04:51","date_gmt":"2025-12-19T06:04:51","guid":{"rendered":"https:\/\/ekaislot.com\/?post_type=product&#038;p=1666"},"modified":"2026-03-10T13:49:53","modified_gmt":"2026-03-10T05:49:53","slug":"liquid-distributor-tray","status":"publish","type":"product","link":"https:\/\/www.ekaislot.com\/es\/product\/liquid-distributor-tray\/","title":{"rendered":"Bandeja distribuidora de l\u00edquidos"},"featured_media":1678,"parent":0,"template":"","product-category":[192,190],"class_list":["post-1666","product","type-product","status-publish","has-post-thumbnail","hentry","product-category-axial-downflow-reactor-internals","product-category-reactor-internals"],"acf":{"brief":"Liquid distributor tray ensures flow distribution over the entire vessel cross section.\r\n","product_image":[{"pro_img":1678},{"pro_img":1677},{"pro_img":1669},{"pro_img":1670},{"pro_img":1671},{"pro_img":1672},{"pro_img":1673},{"pro_img":1674},{"pro_img":1675},{"pro_img":1676}],"description":"<strong>Para tareas de hidrogenaci\u00f3n de aleaciones especiales, explore nuestros reactores internos de hidrogenaci\u00f3n de silicio policristalino, una soluci\u00f3n espec\u00edfica para servicios de alta temperatura y alta presi\u00f3n.<\/strong>\r\n<div class=\"ca-ul\">\r\n<div class=\"ca-img\"><a href=\"\/es\/product\/polycrystalline-silicon-hydrogenation-reactor-internals\/\"><img class=\"alignnone size-full wp-image-3118\" src=\"https:\/\/ekaislot.com\/wp-content\/uploads\/7-1-1.jpg\" alt=\"\" \/><\/a><\/div>\r\n<div class=\"ca-li\"><a href=\"\/es\/product\/polycrystalline-silicon-hydrogenation-reactor-internals\/\"><strong>Componentes internos del reactor de hidrogenaci\u00f3n de silicio policristalino<\/strong><\/a><\/div>\r\n<\/div>\r\n<h3>Bandeja distribuidora de l\u00edquidos<\/h3>\r\n<ul class=\"list-paddingleft-2\" style=\"list-style-type: disc;\">\r\n \t<li>Dise\u00f1os personalizados adaptados a aplicaciones espec\u00edficas o dise\u00f1os detallados basados en especificaciones, garantizando la ausencia de interferencias con otros componentes internos del reactor.<\/li>\r\n \t<li>El dise\u00f1o mec\u00e1nico minimiza la desviaci\u00f3n durante el funcionamiento.<\/li>\r\n \t<li>Fije los dispositivos de fijaci\u00f3n para mantener cada panel de bandeja en su sitio.<\/li>\r\n \t<li>Las plantillas garantizan el posicionamiento, la orientaci\u00f3n, la elevaci\u00f3n, la soldadura y la alineaci\u00f3n vertical correctos de la boquilla.<\/li>\r\n \t<li>Los paneles se fabrican con estrechas tolerancias de planitud, y las juntas reducen las fugas de l\u00edquido en las uniones de los paneles.<\/li>\r\n \t<li>El montaje de prueba en las instalaciones de Ekaislot incluye un informe detallado en el que se verifica que las dimensiones coinciden con las especificaciones de construcci\u00f3n del recipiente.<\/li>\r\n \t<li>Ekaislot proporciona asistencia t\u00e9cnica durante la instalaci\u00f3n in situ para garantizar que se siguen todas las precauciones necesarias en las instalaciones del cliente.<\/li>\r\n<\/ul>\r\n<img class=\"size-medium wp-image-3541 alignright\" src=\"https:\/\/www.ekaislot.com\/wp-content\/uploads\/3-10-540x960.jpg\" alt=\"\" width=\"540\" height=\"960\" \/>\r\n<p style=\"text-align: left;\"><strong>Aplicaci\u00f3n:<\/strong> Hidrotratamiento, hidrocraqueo, hidrogenaci\u00f3n, reactores, etc.<\/p>\r\n&nbsp;\r\n<h3>Dise\u00f1o basado en su aplicaci\u00f3n<\/h3>\r\nEn los sistemas de flujo bif\u00e1sico, la distribuci\u00f3n eficaz es crucial, ya que la interacci\u00f3n entre el l\u00edquido y el gas -si el l\u00edquido se propaga en el gas o el gas se difunde en el l\u00edquido- afecta directamente a la qu\u00edmica del proceso. El sistema de distribuci\u00f3n de l\u00edquidos debe adaptarse a los distintos caudales de entrada y, al mismo tiempo, controlar la ca\u00edda de presi\u00f3n para minimizar la reducci\u00f3n del caudal.\r\n\r\n \r\n\r\nEsto es especialmente cr\u00edtico en los reactores de alta presi\u00f3n, donde la optimizaci\u00f3n de la altura reduce los costes, o en las renovaciones que requieren una mayor capacidad. La distribuci\u00f3n del caudal se consigue mediante m\u00faltiples boquillas en una bandeja distribuidora, cada una de las cuales funciona como un limitador de caudal mediante el efecto Venturi. El espaciado, la disposici\u00f3n y el dise\u00f1o de las boquillas se adaptan a aplicaciones espec\u00edficas.\r\n<p style=\"text-align: center;\"><img class=\"alignnone size-full wp-image-1679\" src=\"https:\/\/ekaislot.com\/wp-content\/uploads\/12a.jpg\" alt=\"\" width=\"750\" height=\"200\" \/> <img class=\"alignnone size-medium wp-image-1680\" src=\"https:\/\/ekaislot.com\/wp-content\/uploads\/12b.jpg\" alt=\"\" width=\"750\" height=\"200\" \/><\/p>\r\n\r\n<h3>Par\u00e1metros de dise\u00f1o<\/h3>\r\n<strong>Par\u00e1metros del proceso: <\/strong>\r\n\r\nLos par\u00e1metros clave del proceso para el dise\u00f1o de la bandeja incluyen la temperatura de funcionamiento, los caudales de l\u00edquido y gas con sus propiedades f\u00edsicas, y la ca\u00edda de presi\u00f3n a trav\u00e9s de la bandeja de distribuci\u00f3n. Dado que el dise\u00f1o de la bandeja es fundamental para el rendimiento del proceso, el licenciante del proceso especifica la cantidad, la disposici\u00f3n y el tipo de boquillas de la bandeja.\r\n\r\n&nbsp;\r\n\r\n<strong>Par\u00e1metros mec\u00e1nicos:<\/strong>\r\n\r\nEl tama\u00f1o del pozo, la altura m\u00e1xima del l\u00edquido en la bandeja, la deflexi\u00f3n admisible y la tolerancia a la corrosi\u00f3n son esenciales para determinar el refuerzo necesario.","contact_title":"","contact":1678},"_links":{"self":[{"href":"https:\/\/www.ekaislot.com\/es\/wp-json\/wp\/v2\/product\/1666","targetHints":{"allow":["GET"]}}],"collection":[{"href":"https:\/\/www.ekaislot.com\/es\/wp-json\/wp\/v2\/product"}],"about":[{"href":"https:\/\/www.ekaislot.com\/es\/wp-json\/wp\/v2\/types\/product"}],"wp:featuredmedia":[{"embeddable":true,"href":"https:\/\/www.ekaislot.com\/es\/wp-json\/wp\/v2\/media\/1678"}],"wp:attachment":[{"href":"https:\/\/www.ekaislot.com\/es\/wp-json\/wp\/v2\/media?parent=1666"}],"wp:term":[{"taxonomy":"product-category","embeddable":true,"href":"https:\/\/www.ekaislot.com\/es\/wp-json\/wp\/v2\/product-category?post=1666"}],"curies":[{"name":"wp","href":"https:\/\/api.w.org\/{rel}","templated":true}]}}