{"id":1654,"date":"2025-12-19T13:58:11","date_gmt":"2025-12-19T05:58:11","guid":{"rendered":"https:\/\/ekaislot.com\/?post_type=product&#038;p=1654"},"modified":"2026-03-10T13:47:38","modified_gmt":"2026-03-10T05:47:38","slug":"feed-diffuser-2","status":"publish","type":"product","link":"https:\/\/www.ekaislot.com\/es\/product\/feed-diffuser-2\/","title":{"rendered":"Difusor de alimentaci\u00f3n"},"featured_media":1663,"parent":0,"template":"","product-category":[192,190],"class_list":["post-1654","product","type-product","status-publish","has-post-thumbnail","hentry","product-category-axial-downflow-reactor-internals","product-category-reactor-internals"],"acf":{"brief":"Feed diffuser is diverting the incoming flow from the inlet nozzle towards the reactor.\r\n","product_image":[{"pro_img":1663},{"pro_img":1657},{"pro_img":1658},{"pro_img":1659},{"pro_img":1660},{"pro_img":1661},{"pro_img":1662}],"description":"<ul class=\"list-paddingleft-2\" style=\"list-style-type: disc;\">\r\n \t<li>El dise\u00f1o en 3D del difusor de alimentaci\u00f3n garantiza un ajuste perfecto con la boquilla del recipiente a presi\u00f3n y la interfaz de la brida del tubo de entrada.<\/li>\r\n \t<li>El dise\u00f1o incluye caracter\u00edsticas de sujeci\u00f3n y manipulaci\u00f3n para facilitar la instalaci\u00f3n en espacios reducidos de boquillas.<\/li>\r\n \t<li>Los procedimientos de soldadura est\u00e1n dise\u00f1ados para controlar la resistencia de la soldadura y mejorar la durabilidad operativa.<\/li>\r\n<\/ul>\r\n<img class=\"size-medium wp-image-3538 alignleft\" src=\"https:\/\/www.ekaislot.com\/wp-content\/uploads\/4-5-540x960.jpg\" alt=\"\" width=\"540\" height=\"960\" \/>\r\n\r\n<strong>Aplicaci\u00f3n:<\/strong> Endulzamiento de gas, secado de gas, eliminaci\u00f3n de azufre, hidrotratamiento, hidrocraqueo, hidrogenaci\u00f3n, etc.\r\n\r\n&nbsp;\r\n<h3>Dise\u00f1o basado en su aplicaci\u00f3n<\/h3>\r\nEn un sistema de flujo descendente, la boquilla de entrada hace las veces de boca de acceso para insertar los componentes internos y cargar los catalizadores. La tuber\u00eda de conexi\u00f3n suele tener un di\u00e1metro menor con un codo de 90\u00b0, lo que facilita el montaje y desmontaje. La tuber\u00eda se suelda a una brida de reducci\u00f3n a medida, y el difusor de alimentaci\u00f3n puede fijarse a esta brida o colocarse en una ranura entre bridas.\r\n\r\n \r\n\r\nEl difusor de alimentaci\u00f3n se dise\u00f1a utilizando una combinaci\u00f3n de placas, pantallas y placas perforadas, bas\u00e1ndose en la din\u00e1mica de flujo del cabezal superior del reactor y en los requisitos del proceso. Una placa de impacto se coloca frente al flujo entrante, desvi\u00e1ndolo a trav\u00e9s de m\u00faltiples canales. Sus dimensiones dependen del di\u00e1metro del tubo de entrada y de la altura de la tobera.\r\n\r\n&nbsp;\r\n<h3>Par\u00e1metros de dise\u00f1o<\/h3>\r\n<strong>Par\u00e1metros del proceso: <\/strong>\r\n\r\nLa longitud interna del reactor, el n\u00famero de canales y el dise\u00f1o de la placa de impacto vienen determinados por la hidrodin\u00e1mica del proceso, incluidos el caudal, la distribuci\u00f3n gas-l\u00edquido y la ca\u00edda de presi\u00f3n admisible.\r\n\r\n&nbsp;\r\n\r\n<strong>Par\u00e1metros mec\u00e1nicos:<\/strong>\r\n\r\nTanto las cargas est\u00e1ticas como las din\u00e1micas son factores esenciales para determinar el refuerzo necesario.","contact_title":"","contact":1663},"_links":{"self":[{"href":"https:\/\/www.ekaislot.com\/es\/wp-json\/wp\/v2\/product\/1654","targetHints":{"allow":["GET"]}}],"collection":[{"href":"https:\/\/www.ekaislot.com\/es\/wp-json\/wp\/v2\/product"}],"about":[{"href":"https:\/\/www.ekaislot.com\/es\/wp-json\/wp\/v2\/types\/product"}],"wp:featuredmedia":[{"embeddable":true,"href":"https:\/\/www.ekaislot.com\/es\/wp-json\/wp\/v2\/media\/1663"}],"wp:attachment":[{"href":"https:\/\/www.ekaislot.com\/es\/wp-json\/wp\/v2\/media?parent=1654"}],"wp:term":[{"taxonomy":"product-category","embeddable":true,"href":"https:\/\/www.ekaislot.com\/es\/wp-json\/wp\/v2\/product-category?post=1654"}],"curies":[{"name":"wp","href":"https:\/\/api.w.org\/{rel}","templated":true}]}}