{"id":1632,"date":"2025-12-19T13:45:31","date_gmt":"2025-12-19T05:45:31","guid":{"rendered":"https:\/\/ekaislot.com\/?post_type=product&#038;p=1632"},"modified":"2026-02-11T17:09:09","modified_gmt":"2026-02-11T09:09:09","slug":"center-pipe-2","status":"publish","type":"product","link":"https:\/\/www.ekaislot.com\/es\/product\/center-pipe-2\/","title":{"rendered":"Tubo central"},"featured_media":1644,"parent":0,"template":"","product-category":[194,190],"class_list":["post-1632","product","type-product","status-publish","has-post-thumbnail","hentry","product-category-radial-flow-reactor-internals","product-category-reactor-internals"],"acf":{"brief":"The center pipes inside the radial flow reactors are used for flow collection or distribution. They are typically cylindrical, with the outer layer defining the boundary of the catalyst bed.\r\n","product_image":[{"pro_img":1644},{"pro_img":1635},{"pro_img":1636},{"pro_img":1637},{"pro_img":1638},{"pro_img":1639},{"pro_img":1640},{"pro_img":1641},{"pro_img":1642},{"pro_img":1643}],"description":"<ul class=\"list-paddingleft-2\" style=\"list-style-type: disc;\">\r\n \t<li>Para garantizar una elevada superficie abierta de la criba de alambre en cu\u00f1a, empleamos una combinaci\u00f3n de c\u00e1lculos dimensionales precisos, procesos de fabricaci\u00f3n avanzados y un estricto control dimensional del conjunto global (por ejemplo, el sistema de distribuci\u00f3n del flujo).<\/li>\r\n \t<li>Para garantizar que el eje permanece perfectamente alineado durante la instalaci\u00f3n, utilizamos un controlador l\u00e1ser para verificar la perpendicularidad en cada fase de la producci\u00f3n.<\/li>\r\n<\/ul>\r\n&nbsp;\r\n\r\n<strong>Aplicaci\u00f3n:<\/strong> Purificaci\u00f3n de gas, reformado, CCR (Reformado Catal\u00edtico Continuo), conversi\u00f3n de amon\u00edaco, estireno.\r\n\r\n&nbsp;\r\n<h3>Dise\u00f1o basado en su aplicaci\u00f3n<\/h3>\r\nLa boquilla de conexi\u00f3n al tubo central\/rejilla interior puede colocarse en el extremo superior o inferior, con la direcci\u00f3n del flujo hacia dentro o hacia fuera.\r\n\r\n&nbsp;\r\n<p style=\"text-align: center;\"><img style=\"margin: 0 20px;\" src=\"https:\/\/ekaislot.com\/wp-content\/uploads\/23.jpg\" \/><img style=\"margin: 0 20px;\" src=\"https:\/\/ekaislot.com\/wp-content\/uploads\/24.jpg\" \/><img style=\"margin: 0 20px;\" src=\"https:\/\/ekaislot.com\/wp-content\/uploads\/25.jpg\" \/><img style=\"margin: 0 20px;\" src=\"https:\/\/ekaislot.com\/wp-content\/uploads\/26.jpg\" \/><\/p>\r\n&nbsp;\r\n\r\n&nbsp;\r\n<h3>Par\u00e1metros de dise\u00f1o<img style=\"float: right;\" src=\"https:\/\/ekaislot.com\/wp-content\/uploads\/27.png\" \/><\/h3>\r\n<strong>Par\u00e1metros del proceso: <\/strong>\r\n\r\nEl flujo de gas y la ca\u00edda de presi\u00f3n a trav\u00e9s del catalizador son esenciales para definir el di\u00e1metro exterior, la longitud y el sistema de distribuci\u00f3n, incluido el porcentaje de perforaci\u00f3n o la forma del deflector.\r\n\r\n&nbsp;\r\n\r\n<strong>Par\u00e1metros mec\u00e1nicos:<\/strong>\r\n\r\nEl peso del catalizador, la carga axial adicional (F), la carga radial (\u0394P) y la temperatura de dise\u00f1o son necesarios para el dise\u00f1o mec\u00e1nico.","contact_title":"","contact":1644},"_links":{"self":[{"href":"https:\/\/www.ekaislot.com\/es\/wp-json\/wp\/v2\/product\/1632","targetHints":{"allow":["GET"]}}],"collection":[{"href":"https:\/\/www.ekaislot.com\/es\/wp-json\/wp\/v2\/product"}],"about":[{"href":"https:\/\/www.ekaislot.com\/es\/wp-json\/wp\/v2\/types\/product"}],"wp:featuredmedia":[{"embeddable":true,"href":"https:\/\/www.ekaislot.com\/es\/wp-json\/wp\/v2\/media\/1644"}],"wp:attachment":[{"href":"https:\/\/www.ekaislot.com\/es\/wp-json\/wp\/v2\/media?parent=1632"}],"wp:term":[{"taxonomy":"product-category","embeddable":true,"href":"https:\/\/www.ekaislot.com\/es\/wp-json\/wp\/v2\/product-category?post=1632"}],"curies":[{"name":"wp","href":"https:\/\/api.w.org\/{rel}","templated":true}]}}