{"id":1625,"date":"2025-12-19T13:37:52","date_gmt":"2025-12-19T05:37:52","guid":{"rendered":"https:\/\/ekaislot.com\/?post_type=product&#038;p=1625"},"modified":"2026-02-11T17:26:13","modified_gmt":"2026-02-11T09:26:13","slug":"tower-vessel","status":"publish","type":"product","link":"https:\/\/www.ekaislot.com\/es\/product\/tower-vessel\/","title":{"rendered":"Torre Buque"},"featured_media":1628,"parent":0,"template":"","product-category":[200,198,210],"class_list":["post-1625","product","type-product","status-publish","has-post-thumbnail","hentry","product-category-pressure-vessels","product-category-process-equipment","product-category-separationfiltration"],"acf":{"brief":"The column internals\u2014trays, plates, or packings\u2014facilitate mass transfer between the liquid and vapor phases. The tower vessel height is determined by the number of trays or the height of the packings, which are essential for efficient separation.\r\n","product_image":[{"pro_img":1628}],"description":"<h3 data-start=\"0\" data-end=\"72\">Fabricaci\u00f3n de alta calidad para equipos clave<\/h3>\r\n<p data-start=\"74\" data-end=\"480\">Como fabricante l\u00edder especializado en recipientes de torre, somos conscientes de que la calidad de los equipos es crucial para garantizar un rendimiento \u00f3ptimo en sectores como el del petr\u00f3leo y el gas, el petroqu\u00edmico y otros. Nuestro compromiso con la excelencia se refleja en nuestros avanzados procesos de control de calidad, que garantizan la seguridad de los operarios y los m\u00e1s altos est\u00e1ndares de calidad para cada pieza de equipo que producimos.<\/p>\r\n\r\n<h3 style=\"text-wrap-mode: wrap;\" data-start=\"1749\" data-end=\"1799\">Soluciones integrales para diversos sectores<\/h3>\r\n<p style=\"text-wrap-mode: wrap;\" data-start=\"1801\" data-end=\"2239\">Prestamos servicios de fabricaci\u00f3n en una amplia gama de sectores, como refino, petr\u00f3leo y gas, procesamiento qu\u00edmico y tratamiento de residuos. Entre nuestros clientes figuran l\u00edderes mundiales de los mercados upstream, midstream y downstream que requieren servicios de ingenier\u00eda, dise\u00f1o y fabricaci\u00f3n de primer nivel. Nuestro objetivo es ofrecer un valor excepcional a trav\u00e9s de torres de alta calidad y fiabilidad adaptadas a las necesidades espec\u00edficas de cada proyecto.<\/p>\r\n\r\n<h3 style=\"text-wrap-mode: wrap;\" data-start=\"769\" data-end=\"809\">Soluciones a medida para cada proyecto<\/h3>\r\n<p style=\"text-wrap-mode: wrap;\" data-start=\"811\" data-end=\"1235\">Aunque los l\u00edmites de tama\u00f1o de transporte en China suelen restringir las dimensiones de nuestros buques a menos de 6 metros de di\u00e1metro y 40 metros de eslora, podemos acomodar tama\u00f1os mayores, de hasta 8 metros de di\u00e1metro, mediante transporte fluvial por canales cerca de nuestra planta de fabricaci\u00f3n. Para unidades a\u00fan mayores, ofrecemos acuerdos especiales de transporte con montaje en muelle, lo que nos permite ofrecer soluciones personalizadas para proyectos a gran escala.<\/p>","contact_title":"","contact":1628},"_links":{"self":[{"href":"https:\/\/www.ekaislot.com\/es\/wp-json\/wp\/v2\/product\/1625","targetHints":{"allow":["GET"]}}],"collection":[{"href":"https:\/\/www.ekaislot.com\/es\/wp-json\/wp\/v2\/product"}],"about":[{"href":"https:\/\/www.ekaislot.com\/es\/wp-json\/wp\/v2\/types\/product"}],"wp:featuredmedia":[{"embeddable":true,"href":"https:\/\/www.ekaislot.com\/es\/wp-json\/wp\/v2\/media\/1628"}],"wp:attachment":[{"href":"https:\/\/www.ekaislot.com\/es\/wp-json\/wp\/v2\/media?parent=1625"}],"wp:term":[{"taxonomy":"product-category","embeddable":true,"href":"https:\/\/www.ekaislot.com\/es\/wp-json\/wp\/v2\/product-category?post=1625"}],"curies":[{"name":"wp","href":"https:\/\/api.w.org\/{rel}","templated":true}]}}