{"id":1620,"date":"2025-12-19T13:36:25","date_gmt":"2025-12-19T05:36:25","guid":{"rendered":"https:\/\/ekaislot.com\/?post_type=product&#038;p=1620"},"modified":"2026-02-11T17:15:24","modified_gmt":"2026-02-11T09:15:24","slug":"storage-tank","status":"publish","type":"product","link":"https:\/\/www.ekaislot.com\/es\/product\/storage-tank\/","title":{"rendered":"Tanque de almacenamiento"},"featured_media":1624,"parent":0,"template":"","product-category":[200,198,207],"class_list":["post-1620","product","type-product","status-publish","has-post-thumbnail","hentry","product-category-pressure-vessels","product-category-process-equipment","product-category-storage"],"acf":{"brief":"Storage tanks are essential components in industrial operations, designed to store various substances such as liquids, gases, and liquefied gases. \r\n","product_image":[{"pro_img":1624},{"pro_img":1623}],"description":"Estos dep\u00f3sitos suelen estar equipados con m\u00faltiples boquillas para mezclar eficazmente l\u00edquidos y gases, as\u00ed como para instalar instrumentos de control. Algunos modelos est\u00e1n dise\u00f1ados espec\u00edficamente como reactores o mezcladores, integrando agitadores y cabezales mezcladores para facilitar la mezcla de materiales. Para controlar la temperatura, estos dep\u00f3sitos pueden incorporar camisas de refrigeraci\u00f3n o aislamiento de doble pared.\r\n\r\n<span style=\"text-wrap-mode: nowrap;\">Nuestros dep\u00f3sitos son altamente personalizables para garantizar su adecuaci\u00f3n a una gran variedad de aplicaciones y necesidades operativas, entre las que se incluyen:<\/span>\r\n<ul class=\"list-paddingleft-2\" style=\"list-style-type: disc;\">\r\n \t<li><span style=\"text-wrap-mode: nowrap;\">Acero al carbono\u00a0<\/span><\/li>\r\n \t<li><span style=\"text-wrap-mode: nowrap;\">Acero inoxidable\u00a0<\/span><\/li>\r\n \t<li><span style=\"text-wrap-mode: nowrap;\">Hastelloy\u00a0<\/span><\/li>\r\n \t<li><span style=\"text-wrap-mode: nowrap;\">Monel\u00a0<\/span><\/li>\r\n \t<li><span style=\"text-wrap-mode: nowrap;\">Inconel<\/span><\/li>\r\n \t<li><span style=\"text-wrap-mode: nowrap;\">Titanio\u00a0<\/span><\/li>\r\n \t<li><span style=\"text-wrap-mode: nowrap;\">Otros, previa solicitud\u00a0<\/span><\/li>\r\n<\/ul>","contact_title":"","contact":1624},"_links":{"self":[{"href":"https:\/\/www.ekaislot.com\/es\/wp-json\/wp\/v2\/product\/1620","targetHints":{"allow":["GET"]}}],"collection":[{"href":"https:\/\/www.ekaislot.com\/es\/wp-json\/wp\/v2\/product"}],"about":[{"href":"https:\/\/www.ekaislot.com\/es\/wp-json\/wp\/v2\/types\/product"}],"wp:featuredmedia":[{"embeddable":true,"href":"https:\/\/www.ekaislot.com\/es\/wp-json\/wp\/v2\/media\/1624"}],"wp:attachment":[{"href":"https:\/\/www.ekaislot.com\/es\/wp-json\/wp\/v2\/media?parent=1620"}],"wp:term":[{"taxonomy":"product-category","embeddable":true,"href":"https:\/\/www.ekaislot.com\/es\/wp-json\/wp\/v2\/product-category?post=1620"}],"curies":[{"name":"wp","href":"https:\/\/api.w.org\/{rel}","templated":true}]}}