{"id":1608,"date":"2025-12-19T13:34:33","date_gmt":"2025-12-19T05:34:33","guid":{"rendered":"https:\/\/ekaislot.com\/?post_type=product&#038;p=1608"},"modified":"2026-02-11T17:19:08","modified_gmt":"2026-02-11T09:19:08","slug":"steam-generator","status":"publish","type":"product","link":"https:\/\/www.ekaislot.com\/es\/product\/steam-generator\/","title":{"rendered":"Generador de vapor"},"featured_media":1618,"parent":0,"template":"","product-category":[209,200,198],"class_list":["post-1608","product","type-product","status-publish","has-post-thumbnail","hentry","product-category-heat-exchange","product-category-pressure-vessels","product-category-process-equipment"],"acf":{"brief":"A steam generator converts chemical energy from fossil fuels into thermal energy, transferring this heat to a working fluid, typically water, for use in high-temperature processes or for mechanical energy conversion in turbines. \r\n","product_image":[{"pro_img":1618},{"pro_img":1611},{"pro_img":1612},{"pro_img":1613},{"pro_img":1614},{"pro_img":1615},{"pro_img":1616},{"pro_img":1617}],"description":"<strong>Ventajas :<\/strong>\r\n<ul class=\"list-paddingleft-2\" style=\"list-style-type: disc;\">\r\n \t<li>Alta eficiencia t\u00e9rmica: El uso de vapor sobrecalentado mejora la eficiencia de conversi\u00f3n t\u00e9rmica.<\/li>\r\n \t<li>Compacta y de arranque r\u00e1pido: M\u00e1s peque\u00f1as y r\u00e1pidas de arrancar que las calderas pirotubulares tradicionales, ideales para aplicaciones bajo demanda.<\/li>\r\n \t<li>Sistema simplificado: El dise\u00f1o elimina la necesidad de tambores de vapor y separadores, lo que hace que el sistema sea menos complejo y m\u00e1s f\u00e1cil de mantener.<\/li>\r\n \t<li>Alta calidad de vapor: Un separador de vapor\/agua garantiza una calidad de vapor de 99,5% para un suministro de vapor eficiente y estable.<\/li>\r\n \t<li>Ideal para SMR: Perfectamente adaptado a los peque\u00f1os reactores modulares, proporciona un servicio fiable y eficiente.<\/li>\r\n<\/ul>\r\n&nbsp;\r\n\r\n<strong>Aplicaci\u00f3n:<\/strong>\r\n\r\nCentrales nucleares, centrales el\u00e9ctricas de combustibles f\u00f3siles, procesos industriales de alta temperatura.\r\n\r\n&nbsp;\r\n\r\n<strong>Principio de funcionamiento:<\/strong>\r\n\r\nEl generador de vapor funciona con un dise\u00f1o de flujo forzado de un solo paso, en el que el agua de alimentaci\u00f3n pasa por un serpent\u00edn y se convierte en vapor en un solo paso. A medida que el agua fluye por el serpent\u00edn, absorbe el calor de los gases calientes y se convierte en vapor. Este dise\u00f1o no requiere un tambor de vapor como las calderas tradicionales, pero se utiliza un separador de vapor\/agua para garantizar la calidad del vapor 99,5%.\r\n\r\n \r\n\r\nEn esta configuraci\u00f3n, el agua fluye por los serpentines sin recircular, lo que aumenta la eficiencia t\u00e9rmica y simplifica el sistema al eliminar la necesidad de separadores de humedad y otros componentes complejos.","contact_title":"","contact":1618},"_links":{"self":[{"href":"https:\/\/www.ekaislot.com\/es\/wp-json\/wp\/v2\/product\/1608","targetHints":{"allow":["GET"]}}],"collection":[{"href":"https:\/\/www.ekaislot.com\/es\/wp-json\/wp\/v2\/product"}],"about":[{"href":"https:\/\/www.ekaislot.com\/es\/wp-json\/wp\/v2\/types\/product"}],"wp:featuredmedia":[{"embeddable":true,"href":"https:\/\/www.ekaislot.com\/es\/wp-json\/wp\/v2\/media\/1618"}],"wp:attachment":[{"href":"https:\/\/www.ekaislot.com\/es\/wp-json\/wp\/v2\/media?parent=1608"}],"wp:term":[{"taxonomy":"product-category","embeddable":true,"href":"https:\/\/www.ekaislot.com\/es\/wp-json\/wp\/v2\/product-category?post=1608"}],"curies":[{"name":"wp","href":"https:\/\/api.w.org\/{rel}","templated":true}]}}