{"id":1596,"date":"2025-12-19T11:59:39","date_gmt":"2025-12-19T03:59:39","guid":{"rendered":"https:\/\/ekaislot.com\/?post_type=product&#038;p=1596"},"modified":"2026-02-12T13:36:01","modified_gmt":"2026-02-12T05:36:01","slug":"polytetrafluoroethylene-ptfe","status":"publish","type":"product","link":"https:\/\/www.ekaislot.com\/es\/product\/polytetrafluoroethylene-ptfe\/","title":{"rendered":"Politetrafluoroetileno (PTFE)"},"featured_media":1599,"parent":0,"template":"","product-category":[211,200,198],"class_list":["post-1596","product","type-product","status-publish","has-post-thumbnail","hentry","product-category-accessory","product-category-pressure-vessels","product-category-process-equipment"],"acf":{"brief":"Polytetrafluoroethylene (PTFE-lined anti-corrosion) has a high degree of chemical stability, it can resist almost all commonly used strong corrosion, hydroxide chemicals, and also has the characteristics of high temperature resistance, so it is an ideal anti-corrosion material.\r\n","product_image":[{"pro_img":1599}],"description":"&nbsp;\r\n\r\n<img src=\"https:\/\/ekaislot.com\/wp-content\/uploads\/\u5185\u886cPTFE\uff08\u03c63_5x28_5m\u586b\u6599\u5854\uff09.png\" \/>\r\n\r\n<strong>Revestimiento de PTFE (torre empaquetada de \u03c63,5x28,5m)<\/strong>\r\n\r\n<img src=\"https:\/\/ekaislot.com\/wp-content\/uploads\/\u5927\u91d1PFA\u55b7\u6d82\uff08\u53cd\u5e94\u91dc\uff09.png\" \/>\r\n\r\n<strong><span style=\"text-wrap-mode: wrap;\">Pulverizaci\u00f3n de PFA (reactor)<\/span><\/strong>\r\n\r\n<span style=\"text-wrap-mode: wrap;\">\u00a0<\/span>\r\n\r\n<img src=\"https:\/\/ekaislot.com\/wp-content\/uploads\/PFA\u55b7\u6d82\uff08\u4e0d\u9508\u94a2\u6405\u62cc\u53cd\u5e94\u91dc\uff09.png\" \/>\r\n\r\n<strong><span style=\"text-wrap-mode: wrap;\">Pulverizaci\u00f3n de PFA (reactor agitado de acero inoxidable)<\/span><\/strong>\r\n\r\n<span style=\"text-wrap-mode: wrap;\">\u00a0<\/span>\r\n\r\n<img src=\"https:\/\/ekaislot.com\/wp-content\/uploads\/PFA\u55b7\u6d82\uff08\u7535\u5b50\u7ea7\u6c22\u6c1f\u9178\u8d2e\u7f50\uff09.png\" \/>\r\n<p style=\"text-wrap-mode: wrap;\"><strong>Pulverizaci\u00f3n de PFA (tanque de \u00e1cido fluorh\u00eddrico de grado electr\u00f3nico)<\/strong><\/p>\r\n<img src=\"https:\/\/ekaislot.com\/wp-content\/uploads\/\u73b0\u573a\u886c\u56db\u6c1f\uff08350m\u00b3\u8d2e\u7f50\uff09.png\" \/>\r\n\r\n<strong style=\"text-wrap-mode: wrap;\">Revestimiento de PTFE in situ (dep\u00f3sito de 350 m\u00b3)<\/strong>\r\n\r\n&nbsp;","contact_title":"","contact":1599},"_links":{"self":[{"href":"https:\/\/www.ekaislot.com\/es\/wp-json\/wp\/v2\/product\/1596","targetHints":{"allow":["GET"]}}],"collection":[{"href":"https:\/\/www.ekaislot.com\/es\/wp-json\/wp\/v2\/product"}],"about":[{"href":"https:\/\/www.ekaislot.com\/es\/wp-json\/wp\/v2\/types\/product"}],"wp:featuredmedia":[{"embeddable":true,"href":"https:\/\/www.ekaislot.com\/es\/wp-json\/wp\/v2\/media\/1599"}],"wp:attachment":[{"href":"https:\/\/www.ekaislot.com\/es\/wp-json\/wp\/v2\/media?parent=1596"}],"wp:term":[{"taxonomy":"product-category","embeddable":true,"href":"https:\/\/www.ekaislot.com\/es\/wp-json\/wp\/v2\/product-category?post=1596"}],"curies":[{"name":"wp","href":"https:\/\/api.w.org\/{rel}","templated":true}]}}