{"id":1591,"date":"2025-12-19T11:50:36","date_gmt":"2025-12-19T03:50:36","guid":{"rendered":"https:\/\/ekaislot.com\/?post_type=product&#038;p=1591"},"modified":"2026-04-08T13:44:37","modified_gmt":"2026-04-08T05:44:37","slug":"pilot-scale-reaction-device","status":"publish","type":"product","link":"https:\/\/www.ekaislot.com\/es\/product\/pilot-scale-reaction-device\/","title":{"rendered":"Dispositivo de reacci\u00f3n a escala piloto"},"featured_media":3097,"parent":0,"template":"","product-category":[191,199],"class_list":["post-1591","product","type-product","status-publish","has-post-thumbnail","hentry","product-category-laboratory-pilot-equipment","product-category-pilot-plant-systems"],"acf":{"brief":"Pilot-Scale Reaction Unit \/ Pilot-scale chemical reaction equipment tailored to user requirements, including high-pressure continuous reaction systems, pilot high-pressure reactors, hydrogenation systems, catalytic reaction units, related skids, and more.","product_image":[{"pro_img":3097}],"description":"Los equipos de reactor piloto pueden desarrollarse seg\u00fan las necesidades reales de los usuarios, como el dispositivo de reactor continuo de alta presi\u00f3n, el reactor piloto de alta presi\u00f3n, el dispositivo de reacci\u00f3n de hidrogenaci\u00f3n, el dispositivo de reacci\u00f3n catal\u00edtica, etc.","contact_title":"","contact":3097},"_links":{"self":[{"href":"https:\/\/www.ekaislot.com\/es\/wp-json\/wp\/v2\/product\/1591","targetHints":{"allow":["GET"]}}],"collection":[{"href":"https:\/\/www.ekaislot.com\/es\/wp-json\/wp\/v2\/product"}],"about":[{"href":"https:\/\/www.ekaislot.com\/es\/wp-json\/wp\/v2\/types\/product"}],"wp:featuredmedia":[{"embeddable":true,"href":"https:\/\/www.ekaislot.com\/es\/wp-json\/wp\/v2\/media\/3097"}],"wp:attachment":[{"href":"https:\/\/www.ekaislot.com\/es\/wp-json\/wp\/v2\/media?parent=1591"}],"wp:term":[{"taxonomy":"product-category","embeddable":true,"href":"https:\/\/www.ekaislot.com\/es\/wp-json\/wp\/v2\/product-category?post=1591"}],"curies":[{"name":"wp","href":"https:\/\/api.w.org\/{rel}","templated":true}]}}