{"id":1573,"date":"2025-12-19T11:46:35","date_gmt":"2025-12-19T03:46:35","guid":{"rendered":"https:\/\/ekaislot.com\/?post_type=product&#038;p=1573"},"modified":"2026-03-09T11:25:23","modified_gmt":"2026-03-09T03:25:23","slug":"microchannel-reactor","status":"publish","type":"product","link":"https:\/\/www.ekaislot.com\/es\/product\/microchannel-reactor\/","title":{"rendered":"Reactor de microcanal"},"featured_media":3527,"parent":0,"template":"","product-category":[191,195],"class_list":["post-1573","product","type-product","status-publish","has-post-thumbnail","hentry","product-category-laboratory-pilot-equipment","product-category-microchannel-reactors"],"acf":{"brief":"The current reactors are even more diverse. They are widely used in the fields of medicine and food, chemicals, rubber, pesticides, dyes, etc.They are vessels used to complete processes such as vulcanization,nitration, hydrogenation, akylation, polymerization, and condensation.","product_image":[{"pro_img":3527}],"description":"<strong>\u00a0<\/strong>\r\n\r\n<strong>Reactor de microcanal de flujo continuo\uff1a<\/strong>\r\n\r\n<strong>YMC <\/strong>\u00a0microreactor de flujo continuo utiliza una estructura interna \u00fanica para formar materiales turbulentos r\u00e1pidos, lo que puede mejorar fluidtOWotinternamixing, mejorar la transferencia de masa y transferencia de calor, y es adecuado para multi-faseereactions y reacciones bajo hiah-riesgo o duras conditions.According a diferentes escenarios Proporcionar servicios personalizados de ventanilla \u00fanica tiene como objetivo tohorten tiempo de reacci\u00f3n, reducir el desperdicio de recursos, mejorar productquality y pureza, eliminar los riesgos de seguridad, reducir la contaminaci\u00f3n del medio ambiente, y lograr sin problemas la ampliaci\u00f3n de laboratorio a la producci\u00f3n industrial.\r\n\r\n&nbsp;\r\n\r\n<strong>Caracter\u00edsticas:<\/strong>\r\n<ul class=\"list-paddingleft-2\" style=\"list-style-type: disc;\">\r\n \t<li>El reactor tiene un volumen peque\u00f1o y una capacidad de retenci\u00f3n de l\u00edquidos de 10~1000ml;<\/li>\r\n \t<li>Gran superficie espec\u00edfica, alta tasa de transferencia, corto tiempo de contacto y pocos subproductosHecho de acero inoxidable 316L, resistente a \u00e1cidos y \u00e1lcalis, resistente a la corrosi\u00f3n, carburo de silicio opcional, Hastelloy, vidrio y otros materialesAlto flujo, flujo de reactor de placa \u226510L\/min;<\/li>\r\n \t<li>El flujo es estable, fluctuaci\u00f3n \u22640.1% (prueba de agua pura)Alta presi\u00f3n de trabajo, slicon carburo y materiales alass puede alcanzar 2.0MPa. acero inoxidable u otros metales puede alcanzar 10MpaEl rango de temperatura de funcionamiento es -70\u2103~200\u2103(opcional 300'C);<\/li>\r\n \t<li>Tiene una gran seguridad y se puede eliminar una gran cantidad de calor a tiempo para garantizar que la temperatura de reacci\u00f3n se mantiene dentro del intervalo establecido, lo que minimiza la posibilidad de accidentes;<\/li>\r\n \t<li>Se puede conseguir una reacci\u00f3n s\u00f3lido-l\u00edquido, los materiales se mezclan uniformemente y se puede conseguir realmente una reacci\u00f3n completa a trav\u00e9s de part\u00edculasy polvos con un di\u00e1metro de &lt;0,1 mm.<\/li>\r\n<\/ul>\r\n<strong>Clasificaci\u00f3n:<\/strong>\r\n\r\n&nbsp;\r\n\r\n<img style=\"width: 292px; height: 337px;\" src=\"https:\/\/ekaislot.com\/wp-content\/uploads\/\u52a8\u6001\u5fae\u53cd\u5e94\u5668.png\" \/>\r\n\r\n<strong>Microrreactor din\u00e1mico<\/strong>\r\n<ul class=\"list-paddingleft-2\" style=\"list-style-type: disc;\">\r\n \t<li>Estructura de alto cizallamiento;<\/li>\r\n \t<li>Adecuado para reacciones que impliquen l\u00edquidos viscosos o la participaci\u00f3n o generaci\u00f3n de s\u00f3lidos;<\/li>\r\n \t<li>El impulsor de agitaci\u00f3n cizalla el material a gran velocidad, lo que da como resultado una gran uniformidad y estabilidad del producto;<\/li>\r\n \t<li>Mezcla eficaz, formando micro-nano part\u00edculas, potenciando las reacciones y evitando el bloqueo.<\/li>\r\n<\/ul>\r\n&nbsp;\r\n\r\n<img style=\"width: 285px; height: 306px;\" src=\"https:\/\/ekaislot.com\/wp-content\/uploads\/625003470962cfc0d2b2cd4af77f378.png\" \/>\r\n<p style=\"text-wrap-mode: wrap;\"><strong>Reactor est\u00e1tico de microcanales<\/strong><\/p>\r\n\r\n<ul class=\"list-paddingleft-2\" style=\"list-style-type: disc;\">\r\n \t<li>\r\n<p style=\"text-wrap-mode: wrap;\">Fabricado con tecnolog\u00eda de procesamiento de precisi\u00f3n;<\/p>\r\n<\/li>\r\n \t<li>\r\n<p style=\"text-wrap-mode: wrap;\">Con tama\u00f1os de canal que van de 10 a 1000 \u03bcm;<\/p>\r\n<\/li>\r\n \t<li>\r\n<p style=\"text-wrap-mode: wrap;\">Alta eficiencia de transferencia de masa, buena eficiencia de transferencia de calor y control autom\u00e1tico preciso;<\/p>\r\n<\/li>\r\n \t<li>\r\n<p style=\"text-wrap-mode: wrap;\">Peque\u00f1o volumen de reacci\u00f3n, m\u00ednimo efecto de escalado;<\/p>\r\n<\/li>\r\n \t<li>\r\n<p style=\"text-wrap-mode: wrap;\">Alto rendimiento, buen efecto de mezcla, m\u00e1s econ\u00f3mico.<\/p>\r\n<p style=\"text-wrap-mode: wrap;\"><\/p>\r\n<\/li>\r\n<\/ul>\r\n<strong>Ventajas:<\/strong>\r\n<ul class=\"list-paddingleft-2\" style=\"list-style-type: disc;\">\r\n \t<li>Transferencia eficiente de masa y calor<\/li>\r\n \t<li>Facilidad para ampliar la producci\u00f3n<\/li>\r\n \t<li>Control preciso del proceso<\/li>\r\n \t<li>Alta seguridad<\/li>\r\n \t<li>Integraci\u00f3n multifuncional<\/li>\r\n \t<li>Protecci\u00f3n del medio ambiente y econom\u00eda<\/li>\r\n<\/ul>\r\n&nbsp;\r\n\r\n<strong>Aplicaci\u00f3n:<\/strong>\r\n\r\nProductos farmac\u00e9uticos intermedios, s\u00edntesis de f\u00e1rmacos, qu\u00edmica fina, qu\u00edmica de pesticidas, especialidades qu\u00edmicas, industria de bienes de consumo, nanomateriales, formulaciones farmac\u00e9uticas, modificaci\u00f3n de pol\u00edmeros, etc.\r\n\r\n&nbsp;\r\n\r\n<strong style=\"text-wrap-mode: wrap;\">Procesos:<\/strong>\r\n\r\n&nbsp;\r\n\r\n<img style=\"width: 322px; height: 221px;\" src=\"https:\/\/ekaislot.com\/wp-content\/uploads\/\u53cd\u5e94_zl2JHa-1.png\" \/>\r\n\r\n<strong>Reacciones<\/strong>\r\n\r\nMicrorreactor din\u00e1mico\r\n\r\nMicroreactor est\u00e1tico\r\n\r\n&nbsp;\r\n\r\n<img style=\"width: 305px; height: 257px;\" src=\"https:\/\/ekaislot.com\/wp-content\/uploads\/\u8f93\u9001.png\" \/>\r\n<p style=\"text-wrap-mode: wrap;\"><strong>Entrega<\/strong><\/p>\r\n<p style=\"text-wrap-mode: wrap;\">L\u00edquidos: Bomba dosificadora<\/p>\r\n<p style=\"text-wrap-mode: wrap;\">S\u00f3lido: Pesaje de P\u00e9rdida de Peso<\/p>\r\n<p style=\"text-wrap-mode: wrap;\">Gas: Suministro a presi\u00f3n<\/p>\r\n<img style=\"width: 274px; height: 345px;\" src=\"https:\/\/ekaislot.com\/wp-content\/uploads\/\u8ba1\u91cf.png\" \/>\r\n<p style=\"text-wrap-mode: wrap;\"><strong>Medici\u00f3n<\/strong><\/p>\r\n<p style=\"text-wrap-mode: wrap;\">Caudal\u00edmetro<\/p>\r\n<p style=\"text-wrap-mode: wrap;\">Sensor de peso<\/p>\r\n<p style=\"text-wrap-mode: wrap;\">Medidor de nivel de l\u00edquido<\/p>\r\n<img style=\"width: 305px; height: 305px;\" src=\"https:\/\/ekaislot.com\/wp-content\/uploads\/\u914d\u5957.png\" \/>\r\n<p style=\"text-wrap-mode: wrap;\"><strong>En apoyo de<\/strong><\/p>\r\n<p style=\"text-wrap-mode: wrap;\">Temperatura: M\u00e1quina integrada de alta y baja temperatura<\/p>\r\n<img style=\"width: 288px; height: 291px;\" src=\"https:\/\/ekaislot.com\/wp-content\/uploads\/\u540e\u5904\u7406.png\" \/>\r\n<p style=\"text-wrap-mode: wrap;\"><strong>Tratamiento posterior<\/strong><\/p>\r\n<p style=\"text-wrap-mode: wrap;\">Centrifugaci\u00f3n y filtraci\u00f3n<\/p>\r\n<p style=\"text-wrap-mode: wrap;\">Extracci\u00f3n y destilaci\u00f3n<\/p>\r\n<p style=\"text-wrap-mode: wrap;\"><strong>\u00a0<\/strong><\/p>\r\n<p style=\"text-wrap-mode: wrap;\"><strong>Principios\uff1a<\/strong><\/p>\r\nEl poder de mezcla de los microrreactores procede de la turbulencia.\r\n\r\nEl flujo laminar y el flujo turbulento son caracter\u00edsticas del movimiento de los fluidos. Cuando un fluido fluye, si las trayectorias de las part\u00edculas de fluido (que generalmente var\u00edan con las coordenadas espaciales iniciales x, y, z a lo largo del tiempo t) son curvas regulares suaves (siendo el caso m\u00e1s simple una l\u00ednea recta), este movimiento se denomina flujo laminar. El movimiento sin esta propiedad se denomina flujo turbulento, y tiene mejores efectos de transferencia de calor y mezcla.\r\n<p style=\"text-wrap-mode: wrap;\"><img style=\"width: 844px; height: 385px;\" src=\"https:\/\/ekaislot.com\/wp-content\/uploads\/\u539f\u7406\u53ca\u6d41\u7a0b\u6a21\u5757.png\" \/><\/p>\r\n&nbsp;","contact_title":"","contact":1577},"_links":{"self":[{"href":"https:\/\/www.ekaislot.com\/es\/wp-json\/wp\/v2\/product\/1573","targetHints":{"allow":["GET"]}}],"collection":[{"href":"https:\/\/www.ekaislot.com\/es\/wp-json\/wp\/v2\/product"}],"about":[{"href":"https:\/\/www.ekaislot.com\/es\/wp-json\/wp\/v2\/types\/product"}],"wp:featuredmedia":[{"embeddable":true,"href":"https:\/\/www.ekaislot.com\/es\/wp-json\/wp\/v2\/media\/3527"}],"wp:attachment":[{"href":"https:\/\/www.ekaislot.com\/es\/wp-json\/wp\/v2\/media?parent=1573"}],"wp:term":[{"taxonomy":"product-category","embeddable":true,"href":"https:\/\/www.ekaislot.com\/es\/wp-json\/wp\/v2\/product-category?post=1573"}],"curies":[{"name":"wp","href":"https:\/\/api.w.org\/{rel}","templated":true}]}}