{"id":1558,"date":"2025-12-19T11:27:38","date_gmt":"2025-12-19T03:27:38","guid":{"rendered":"https:\/\/ekaislot.com\/?post_type=product&#038;p=1558"},"modified":"2026-02-11T17:24:06","modified_gmt":"2026-02-11T09:24:06","slug":"gas-liquid-separators","status":"publish","type":"product","link":"https:\/\/www.ekaislot.com\/es\/product\/gas-liquid-separators\/","title":{"rendered":"Separadores de gas-l\u00edquido"},"featured_media":1564,"parent":0,"template":"","product-category":[200,198,210],"class_list":["post-1558","product","type-product","status-publish","has-post-thumbnail","hentry","product-category-pressure-vessels","product-category-process-equipment","product-category-separationfiltration"],"acf":{"brief":"Ekaislot customizes high-efficiency gas-liquid separators combining vane type and mesh demister, effectively separating droplets ranging from different particle sizes . Vane type demister are prone to large droplets separation, while the mesh demister are prone to small droplet separation.","product_image":[{"pro_img":1564},{"pro_img":1565},{"pro_img":1566},{"pro_img":1567},{"pro_img":1568}],"description":"<strong>Tipos de separador:<\/strong>\r\n\r\nEl separador gas\/l\u00edquido separa el l\u00edquido del gas .\r\n\r\nEl separador l\u00edquido\/l\u00edquido separa l\u00edquidos inmiscibles como el agua y el aceite.\r\n\r\nSeparador trif\u00e1sico separa gas y l\u00edquidos inmiscibles como agua y aceite.\r\n\r\n&nbsp;\r\n\r\n<strong>Tipos de separador interno\uff1a<\/strong>\r\n\r\nEl antivaho de paletas y de malla met\u00e1lica puede aplicarse a separadores de gas\/l\u00edquido y trif\u00e1sicos.\r\n\r\n&nbsp;\r\n\r\n<strong>Aplicaciones:<\/strong>\r\n<ul class=\"list-paddingleft-2\" style=\"list-style-type: disc;\">\r\n \t<li>Industria qu\u00edmica: Para mezclas de gases que contienen l\u00edquidos, como gases producidos en reactores, productos en fase gaseosa en la parte superior de columnas de destilaci\u00f3n, etc. Los separadores gas-l\u00edquido de alta eficiencia Ekaislot pueden separar eficazmente el l\u00edquido en estos gases, mejorar la pureza del producto, reducir la corrosi\u00f3n y los da\u00f1os en los equipos posteriores, y tambi\u00e9n facilitar la recuperaci\u00f3n de materiales valiosos.<\/li>\r\n \t<li>Industria petrolera: Durante la extracci\u00f3n, el refinado y el transporte del petr\u00f3leo, se generan grandes cantidades de gases oleosos.Los separadores de gas-l\u00edquido de alta eficacia Ekaislot separan las gotas de aceite del gas, reduciendo la p\u00e9rdida de aceite, mejorando la eficacia de la producci\u00f3n y ayudando tambi\u00e9n a reducir la contaminaci\u00f3n medioambiental.<\/li>\r\n \t<li>\u00c1mbito de la protecci\u00f3n medioambiental: Para el tratamiento de gases residuales y la desulfuraci\u00f3n de gases de combusti\u00f3n, los separadores de gas-l\u00edquido de alta eficiencia Ekaislot pueden eliminar las sustancias nocivas y las gotas en el gas, a fin de lograr el prop\u00f3sito de purificar el gas y reducir las emisiones, y cumplir con los requisitos de protecci\u00f3n del medio ambiente.<\/li>\r\n \t<li>Industria farmac\u00e9utica: Algunos procesos de reacci\u00f3n o procesos de separaci\u00f3n producir\u00e1n gases que contienen l\u00edquidos farmac\u00e9uticos, que requieren separadores de alta eficiencia Ekaislot para garantizar la calidad y seguridad del producto farmac\u00e9utico y evitar la contaminaci\u00f3n del medicamento.<\/li>\r\n<\/ul>\r\n&nbsp;\r\n\r\n<strong>Ventajas:<\/strong>\r\n<table width=\"100%\" cellpadding=\"20\">\r\n<tbody>\r\n<tr class=\"firstRow\">\r\n<td style=\"word-break: break-all;\" valign=\"top\" width=\"343\"><strong>Art\u00edculo<\/strong><\/td>\r\n<td style=\"word-break: break-all;\" valign=\"top\" width=\"343\"><strong>Separador de malla met\u00e1lica y de paletas normales<\/strong><\/td>\r\n<td style=\"word-break: break-all;\" valign=\"top\" width=\"343\"><strong>Separadores de gas-l\u00edquido de alta eficacia<\/strong><\/td>\r\n<\/tr>\r\n<tr>\r\n<td style=\"word-break: break-all;\" valign=\"top\" width=\"343\">Capacidad<\/td>\r\n<td style=\"word-break: break-all;\" valign=\"top\" width=\"343\">Peque\u00f1o (El di\u00e1metro del separador es grande )<\/td>\r\n<td style=\"word-break: break-all;\" valign=\"top\" width=\"343\">Fuerte reducci\u00f3n \uff0830-40% del di\u00e1metro del separador\uff09.<\/td>\r\n<\/tr>\r\n<tr>\r\n<td style=\"word-break: break-all;\" valign=\"top\" width=\"343\">Eficacia<\/td>\r\n<td style=\"word-break: break-all;\" valign=\"top\" width=\"343\">Alta<\/td>\r\n<td style=\"word-break: break-all;\" valign=\"top\" width=\"343\">Alta<\/td>\r\n<\/tr>\r\n<tr>\r\n<td style=\"word-break: break-all;\" valign=\"top\" width=\"343\">Antiatasco<\/td>\r\n<td style=\"word-break: break-all;\" valign=\"top\" width=\"343\">Bajo<\/td>\r\n<td style=\"word-break: break-all;\" valign=\"top\" width=\"343\">Alta<\/td>\r\n<\/tr>\r\n<tr>\r\n<td style=\"word-break: break-all;\" valign=\"top\" width=\"343\">Vida \u00fatil<\/td>\r\n<td style=\"word-break: break-all;\" valign=\"top\" width=\"343\">Corto<\/td>\r\n<td style=\"word-break: break-all;\" valign=\"top\" width=\"343\">Largo<\/td>\r\n<\/tr>\r\n<tr>\r\n<td style=\"word-break: break-all;\" valign=\"top\" width=\"343\">Mantenimiento<\/td>\r\n<td style=\"word-break: break-all;\" valign=\"top\" width=\"343\">Frecuente<\/td>\r\n<td style=\"word-break: break-all;\" valign=\"top\" width=\"343\">Pocos<\/td>\r\n<\/tr>\r\n<tr>\r\n<td style=\"word-break: break-all;\" valign=\"top\" width=\"343\">Protecci\u00f3n de equipos<\/td>\r\n<td style=\"word-break: break-all;\" valign=\"top\" width=\"343\">Poco fiable<\/td>\r\n<td style=\"word-break: break-all;\" valign=\"top\" width=\"343\">Fiable<\/td>\r\n<\/tr>\r\n<\/tbody>\r\n<\/table>\r\n&nbsp;","contact_title":"","contact":1565},"_links":{"self":[{"href":"https:\/\/www.ekaislot.com\/es\/wp-json\/wp\/v2\/product\/1558","targetHints":{"allow":["GET"]}}],"collection":[{"href":"https:\/\/www.ekaislot.com\/es\/wp-json\/wp\/v2\/product"}],"about":[{"href":"https:\/\/www.ekaislot.com\/es\/wp-json\/wp\/v2\/types\/product"}],"wp:featuredmedia":[{"embeddable":true,"href":"https:\/\/www.ekaislot.com\/es\/wp-json\/wp\/v2\/media\/1564"}],"wp:attachment":[{"href":"https:\/\/www.ekaislot.com\/es\/wp-json\/wp\/v2\/media?parent=1558"}],"wp:term":[{"taxonomy":"product-category","embeddable":true,"href":"https:\/\/www.ekaislot.com\/es\/wp-json\/wp\/v2\/product-category?post=1558"}],"curies":[{"name":"wp","href":"https:\/\/api.w.org\/{rel}","templated":true}]}}