{"id":1549,"date":"2025-12-19T11:08:54","date_gmt":"2025-12-19T03:08:54","guid":{"rendered":"https:\/\/ekaislot.com\/?post_type=product&#038;p=1549"},"modified":"2026-02-12T13:43:05","modified_gmt":"2026-02-12T05:43:05","slug":"fixed-bed-reaction-device","status":"publish","type":"product","link":"https:\/\/www.ekaislot.com\/es\/product\/fixed-bed-reaction-device\/","title":{"rendered":"Dispositivo de reacci\u00f3n de lecho fijo"},"featured_media":1570,"parent":0,"template":"","product-category":[191,199],"class_list":["post-1549","product","type-product","status-publish","has-post-thumbnail","hentry","product-category-laboratory-pilot-equipment","product-category-pilot-plant-systems"],"acf":{"brief":"Continuous automatic feeding device with real-time monitoring of flow, temperature, pressure and other data. It can be controlled via touch screen or computer, and all data can be stored and recorded to form a historical curve.","product_image":[{"pro_img":1570}],"description":"Alimentaci\u00f3n autom\u00e1tica continua, control en tiempo real del caudal, la temperatura, la presi\u00f3n y otros datos.\r\n\r\nPuede controlarse mediante pantalla t\u00e1ctil u ordenador, y todos los datos pueden almacenarse y registrarse, formando una curva hist\u00f3rica.","contact_title":"","contact":1552},"_links":{"self":[{"href":"https:\/\/www.ekaislot.com\/es\/wp-json\/wp\/v2\/product\/1549","targetHints":{"allow":["GET"]}}],"collection":[{"href":"https:\/\/www.ekaislot.com\/es\/wp-json\/wp\/v2\/product"}],"about":[{"href":"https:\/\/www.ekaislot.com\/es\/wp-json\/wp\/v2\/types\/product"}],"wp:featuredmedia":[{"embeddable":true,"href":"https:\/\/www.ekaislot.com\/es\/wp-json\/wp\/v2\/media\/1570"}],"wp:attachment":[{"href":"https:\/\/www.ekaislot.com\/es\/wp-json\/wp\/v2\/media?parent=1549"}],"wp:term":[{"taxonomy":"product-category","embeddable":true,"href":"https:\/\/www.ekaislot.com\/es\/wp-json\/wp\/v2\/product-category?post=1549"}],"curies":[{"name":"wp","href":"https:\/\/api.w.org\/{rel}","templated":true}]}}