{"id":1540,"date":"2025-12-19T10:59:03","date_gmt":"2025-12-19T02:59:03","guid":{"rendered":"https:\/\/ekaislot.com\/?post_type=product&#038;p=1540"},"modified":"2026-02-11T17:18:48","modified_gmt":"2026-02-11T09:18:48","slug":"double-tube-heat-exchanger","status":"publish","type":"product","link":"https:\/\/www.ekaislot.com\/es\/product\/double-tube-heat-exchanger\/","title":{"rendered":"Intercambiador de calor de doble tubo"},"featured_media":1543,"parent":0,"template":"","product-category":[209,200,198],"class_list":["post-1540","product","type-product","status-publish","has-post-thumbnail","hentry","product-category-heat-exchange","product-category-pressure-vessels","product-category-process-equipment"],"acf":{"brief":"Double tube heat exchangers are widely used in oil refineries, chemical, pharmaceutical production, food processing.","product_image":[{"pro_img":1543}],"description":"Un tubo que va y viene varias veces entre una entrada y una salida, rodeado por una carcasa que tiene otra entrada y otra salida. Un armaz\u00f3n met\u00e1lico mantiene la unidad en su sitio, normalmente de acero inoxidable. Un fluido fluir\u00e1 a trav\u00e9s del tubo y otro a trav\u00e9s de la carcasa. Los dos fluidos est\u00e1n separados por la pared del tubo y transfieren energ\u00eda t\u00e9rmica a trav\u00e9s de ella. Las diferentes configuraciones dan lugar a diferentes perfiles de temperatura y transferencia de calor.\r\n\r\n \r\n\r\nEn este dise\u00f1o, la curva de cada extremo no se utiliza para la transferencia de calor y el calor puede desperdiciarse aqu\u00ed. Sin embargo, la fabricaci\u00f3n de este intercambiador de calor es m\u00e1s barata y, obviamente, m\u00e1s sencilla. Otros dise\u00f1os, como este intercambiador de calor de tipo horquilla que suele encontrarse en las refiner\u00edas de petr\u00f3leo, encapsulan el codo para aprovechar al m\u00e1ximo la superficie de transferencia de calor. Esta versi\u00f3n suele utilizar varios tubos para maximizar la superficie y aumentar as\u00ed la transferencia de calor, aunque tambi\u00e9n aumentar\u00e1 la resistencia.","contact_title":"","contact":1543},"_links":{"self":[{"href":"https:\/\/www.ekaislot.com\/es\/wp-json\/wp\/v2\/product\/1540","targetHints":{"allow":["GET"]}}],"collection":[{"href":"https:\/\/www.ekaislot.com\/es\/wp-json\/wp\/v2\/product"}],"about":[{"href":"https:\/\/www.ekaislot.com\/es\/wp-json\/wp\/v2\/types\/product"}],"wp:featuredmedia":[{"embeddable":true,"href":"https:\/\/www.ekaislot.com\/es\/wp-json\/wp\/v2\/media\/1543"}],"wp:attachment":[{"href":"https:\/\/www.ekaislot.com\/es\/wp-json\/wp\/v2\/media?parent=1540"}],"wp:term":[{"taxonomy":"product-category","embeddable":true,"href":"https:\/\/www.ekaislot.com\/es\/wp-json\/wp\/v2\/product-category?post=1540"}],"curies":[{"name":"wp","href":"https:\/\/api.w.org\/{rel}","templated":true}]}}