{"id":1535,"date":"2025-12-19T10:49:13","date_gmt":"2025-12-19T02:49:13","guid":{"rendered":"https:\/\/ekaislot.com\/?post_type=product&#038;p=1535"},"modified":"2026-02-12T13:43:40","modified_gmt":"2026-02-12T05:43:40","slug":"continuous-flow-reaction-device","status":"publish","type":"product","link":"https:\/\/www.ekaislot.com\/es\/product\/continuous-flow-reaction-device\/","title":{"rendered":"Dispositivo de reacci\u00f3n de flujo continuo"},"featured_media":3098,"parent":0,"template":"","product-category":[191,199],"class_list":["post-1535","product","type-product","status-publish","has-post-thumbnail","hentry","product-category-laboratory-pilot-equipment","product-category-pilot-plant-systems"],"acf":{"brief":"Continuous flow reaction equipment enables continuous chemical reactions with a process featuring continuous quantitative feeding, continuous reaction, and continuous quantitative discharging. Ideal for efficient chemical processes. ","product_image":[{"pro_img":3098}],"description":"El equipo de reacci\u00f3n de flujo continuo es un dispositivo que lleva a cabo reacciones qu\u00edmicas de forma continua. Su proceso se caracteriza por una alimentaci\u00f3n cuantitativa continua, una reacci\u00f3n continua y una descarga cuantitativa continua.","contact_title":"","contact":3098},"_links":{"self":[{"href":"https:\/\/www.ekaislot.com\/es\/wp-json\/wp\/v2\/product\/1535","targetHints":{"allow":["GET"]}}],"collection":[{"href":"https:\/\/www.ekaislot.com\/es\/wp-json\/wp\/v2\/product"}],"about":[{"href":"https:\/\/www.ekaislot.com\/es\/wp-json\/wp\/v2\/types\/product"}],"wp:featuredmedia":[{"embeddable":true,"href":"https:\/\/www.ekaislot.com\/es\/wp-json\/wp\/v2\/media\/3098"}],"wp:attachment":[{"href":"https:\/\/www.ekaislot.com\/es\/wp-json\/wp\/v2\/media?parent=1535"}],"wp:term":[{"taxonomy":"product-category","embeddable":true,"href":"https:\/\/www.ekaislot.com\/es\/wp-json\/wp\/v2\/product-category?post=1535"}],"curies":[{"name":"wp","href":"https:\/\/api.w.org\/{rel}","templated":true}]}}