{"id":1516,"date":"2025-12-19T10:43:14","date_gmt":"2025-12-19T02:43:14","guid":{"rendered":"https:\/\/ekaislot.com\/?post_type=product&#038;p=1516"},"modified":"2026-02-11T17:16:04","modified_gmt":"2026-02-11T09:16:04","slug":"chemical-reactors","status":"publish","type":"product","link":"https:\/\/www.ekaislot.com\/es\/product\/chemical-reactors\/","title":{"rendered":"Reactores qu\u00edmicos"},"featured_media":1523,"parent":0,"template":"","product-category":[200,198,208],"class_list":["post-1516","product","type-product","status-publish","has-post-thumbnail","hentry","product-category-pressure-vessels","product-category-process-equipment","product-category-reaction"],"acf":{"brief":"Ekaislot's chemical reactors are engineered for optimal performance in high-capacity production environments. Designed with advanced precision, they meet the evolving demands of the modern chemical industry, ensuring efficient and consistent results.","product_image":[{"pro_img":1523},{"pro_img":1519},{"pro_img":1520},{"pro_img":1521},{"pro_img":1522}],"description":"<span style=\"color: #000000; font-size: 16px;\"><strong>Dise\u00f1os personalizados para sus necesidades particulares<\/strong><\/span>\r\n\r\n<span style=\"color: #000000;\">Ofrecemos soluciones de reactores personalizados adaptados a los requisitos espec\u00edficos de sus procesos qu\u00edmicos. Tanto si trabaja con par\u00e1metros operativos \u00fanicos como si necesita un dise\u00f1o que se adapte perfectamente a sus objetivos de producci\u00f3n, nuestros reactores est\u00e1n dise\u00f1ados para satisfacer sus necesidades.<\/span>\r\n<h2><span style=\"color: #000000; font-size: 16px;\"><strong>Tecnolog\u00eda punta para un rendimiento superior<\/strong><\/span><\/h2>\r\n<span style=\"color: #000000;\">Al incorporar lo \u00faltimo en ingenier\u00eda de reacci\u00f3n y ciencia de materiales, nuestros grandes reactores qu\u00edmicos aumentan el rendimiento, mejoran la calidad del producto y proporcionan un rendimiento fiable a largo plazo. Nuestro enfoque basado en la tecnolog\u00eda garantiza que su proceso de producci\u00f3n siga siendo competitivo y sostenible.<\/span>","contact_title":"","contact":1523},"_links":{"self":[{"href":"https:\/\/www.ekaislot.com\/es\/wp-json\/wp\/v2\/product\/1516","targetHints":{"allow":["GET"]}}],"collection":[{"href":"https:\/\/www.ekaislot.com\/es\/wp-json\/wp\/v2\/product"}],"about":[{"href":"https:\/\/www.ekaislot.com\/es\/wp-json\/wp\/v2\/types\/product"}],"wp:featuredmedia":[{"embeddable":true,"href":"https:\/\/www.ekaislot.com\/es\/wp-json\/wp\/v2\/media\/1523"}],"wp:attachment":[{"href":"https:\/\/www.ekaislot.com\/es\/wp-json\/wp\/v2\/media?parent=1516"}],"wp:term":[{"taxonomy":"product-category","embeddable":true,"href":"https:\/\/www.ekaislot.com\/es\/wp-json\/wp\/v2\/product-category?post=1516"}],"curies":[{"name":"wp","href":"https:\/\/api.w.org\/{rel}","templated":true}]}}