{"id":1507,"date":"2025-12-19T10:38:45","date_gmt":"2025-12-19T02:38:45","guid":{"rendered":"https:\/\/ekaislot.com\/?post_type=product&#038;p=1507"},"modified":"2026-02-11T17:14:57","modified_gmt":"2026-02-11T09:14:57","slug":"buffer-tank","status":"publish","type":"product","link":"https:\/\/www.ekaislot.com\/es\/product\/buffer-tank\/","title":{"rendered":"Tanque tamp\u00f3n"},"featured_media":1510,"parent":0,"template":"","product-category":[200,198,207],"class_list":["post-1507","product","type-product","status-publish","has-post-thumbnail","hentry","product-category-pressure-vessels","product-category-process-equipment","product-category-storage"],"acf":{"brief":"Ekaislot customize buffer tank used in petrochemical industry, oil and gas gathering and transportation, pharmaceutical and food processing, water supply and air conditioning system and other fields.\r\n","product_image":[{"pro_img":1510}],"description":"<strong>Aplicaci\u00f3n del dep\u00f3sito de inercia en la unidad de reacci\u00f3n de reformado catal\u00edtico<\/strong>\r\n\r\nTamp\u00f3n de producto de reformado: Despu\u00e9s de una serie de intercambios de calor y enfriamiento, el producto de la reacci\u00f3n de reformado entra en el tanque de separaci\u00f3n gas-l\u00edquido de reformado para la separaci\u00f3n gas-l\u00edquido, y la parte de fase l\u00edquida separada suele entrar en el tanque tamp\u00f3n, como el tanque tamp\u00f3n de aceite de reformado. Esto se debe a que las condiciones de operaci\u00f3n de la reacci\u00f3n de reformado son duras, y el flujo y la presi\u00f3n del producto pueden fluctuar, y el tanque tamp\u00f3n puede estabilizar el flujo y la presi\u00f3n del aceite de reformado, proporcionando una alimentaci\u00f3n estable para los procesos posteriores, como la extracci\u00f3n arom\u00e1tica, el fraccionamiento y el corte.\r\n\r\n&nbsp;\r\n\r\n<strong>Aplicaci\u00f3n del dep\u00f3sito de inercia en la unidad de procesamiento de productos de reformado catal\u00edtico<\/strong>\r\n\r\nProtecci\u00f3n de las unidades posteriores: Antes de que el aceite de reformado entre en las unidades de extracci\u00f3n de arom\u00e1ticos y otras unidades posteriores, debido a que el aceite de reformado puede contener una cierta cantidad de impurezas como olefinas insaturadas, coloides e hidrocarburos arom\u00e1ticos pesados, es necesario llevar a cabo un pretratamiento, como el uso de tecnolog\u00eda de hidrodeolefina en fase l\u00edquida de alta eficiencia y respetuosa con el medio ambiente. La adici\u00f3n de un tanque tamp\u00f3n de aceite de reformado entre el tanque de decloraci\u00f3n y el sistema de deolefina puede aumentar la presi\u00f3n y, al mismo tiempo, evitar las fluctuaciones excesivas de presi\u00f3n causadas por el caudal de la bomba de alimentaci\u00f3n de saturaci\u00f3n de olefina, que afectar\u00e1n a la estabilidad de la reacci\u00f3n de deolefina, y proteger el sistema de hidrodeolefina aguas abajo y otros dispositivos .","contact_title":"","contact":1510},"_links":{"self":[{"href":"https:\/\/www.ekaislot.com\/es\/wp-json\/wp\/v2\/product\/1507","targetHints":{"allow":["GET"]}}],"collection":[{"href":"https:\/\/www.ekaislot.com\/es\/wp-json\/wp\/v2\/product"}],"about":[{"href":"https:\/\/www.ekaislot.com\/es\/wp-json\/wp\/v2\/types\/product"}],"wp:featuredmedia":[{"embeddable":true,"href":"https:\/\/www.ekaislot.com\/es\/wp-json\/wp\/v2\/media\/1510"}],"wp:attachment":[{"href":"https:\/\/www.ekaislot.com\/es\/wp-json\/wp\/v2\/media?parent=1507"}],"wp:term":[{"taxonomy":"product-category","embeddable":true,"href":"https:\/\/www.ekaislot.com\/es\/wp-json\/wp\/v2\/product-category?post=1507"}],"curies":[{"name":"wp","href":"https:\/\/api.w.org\/{rel}","templated":true}]}}