{"id":1489,"date":"2025-12-19T10:35:54","date_gmt":"2025-12-19T02:35:54","guid":{"rendered":"https:\/\/ekaislot.com\/?post_type=product&#038;p=1489"},"modified":"2026-03-23T13:52:53","modified_gmt":"2026-03-23T05:52:53","slug":"wiped-film-evaporator","status":"publish","type":"product","link":"https:\/\/www.ekaislot.com\/es\/product\/wiped-film-evaporator\/","title":{"rendered":"Evaporador de pel\u00edcula limpia"},"featured_media":1493,"parent":0,"template":"","product-category":[200,198,210,203],"class_list":["post-1489","product","type-product","status-publish","has-post-thumbnail","hentry","product-category-pressure-vessels","product-category-process-equipment","product-category-separationfiltration","product-category-thin-film-evaporator"],"acf":{"brief":"Wiped Film Evaporator has the advantages of high heat transfer efficiency, short residence time, and operation under vacuum conditions, so it has been widely used in many industries. In the chemical industry, it is mainly used in the production of fine chemical products and petrochemical industry; In the pharmaceutical industry, it is mainly used in drug concentration and purification, and the treatment of traditional Chinese medicine extracts.","product_image":[{"pro_img":1493},{"pro_img":1497}],"description":"<strong>Estructura:<\/strong>\r\n<p style=\"text-wrap-mode: wrap;\">1. Tanque de alimentaci\u00f3n<\/p>\r\n<p style=\"text-wrap-mode: wrap;\">2. Precalentador de alimentaci\u00f3n<\/p>\r\n<p style=\"text-wrap-mode: wrap;\">3. Evaporador de pel\u00edcula limpia<\/p>\r\n<p style=\"text-wrap-mode: wrap;\">4. Sustancia en fase gaseosa<\/p>\r\n<p style=\"text-wrap-mode: wrap;\">5. Condensador<\/p>\r\n<p style=\"text-wrap-mode: wrap;\">6. Sustancia en fase pesada<\/p>\r\n<p style=\"text-wrap-mode: wrap;\">7. Sustancia en fase ligera<\/p>\r\n<p style=\"text-align: center;\"><strong><img style=\"width: 351px; height: 353px;\" src=\"https:\/\/ekaislot.com\/wp-content\/uploads\/b66ef17a1aeaad9358b7a3ac905ea09_RkHDp7.png\" alt=\"\" \/><\/strong><\/p>\r\n<strong>\u00a0<\/strong>\r\n<p style=\"text-align: left;\"><strong>Caracter\u00edsticas:<\/strong><\/p>\r\n<p style=\"text-wrap-mode: wrap;\">1. Amplia adaptabilidad: materiales de alta viscosidad, sensibles al calor, f\u00e1ciles de cristalizar e incrustar;<\/p>\r\n2. Alta eficiencia, gran capacidad, gran evaporaci\u00f3n por unidad de \u00e1rea, evaporaci\u00f3n de agua y disolventes org\u00e1nicos y otras soluciones 80~300Kg\/h-m\u00b2;\r\n\r\n3. El tiempo de permanencia del material en la superficie de evaporaci\u00f3n es corto, unos 10 segundos, y no es f\u00e1cil de coque y escala;\r\n\r\n4. 4. Puede conseguir una evaporaci\u00f3n a baja temperatura en condiciones de alto vac\u00edo y ahorrar fuente de calor;\r\n\r\n5. 5. Puede ser adecuado para la producci\u00f3n continua autom\u00e1tica, con gran flexibilidad de operaci\u00f3n, estructura simple, f\u00e1cil mantenimiento y control autom\u00e1tico;\r\n\r\n6. 6. Cambiar la forma del rascador (el \u00e1ngulo de inclinaci\u00f3n de la ranura en el exterior del rascador) para ajustar el tiempo de permanencia del material en el evaporador y satisfacer las necesidades de evaporaci\u00f3n de materiales de diferentes viscosidades.\r\n<p style=\"text-align: center;\"><strong style=\"text-wrap-mode: wrap;\"><img style=\"width: 143px; height: 361px;\" src=\"https:\/\/ekaislot.com\/wp-content\/uploads\/37982544f8678ed0c956be323dc195d.png\" \/><\/strong><\/p>\r\n<strong style=\"text-align: left;\">\u00a0<\/strong>\r\n\r\n<strong style=\"text-align: left;\">Configuraciones principales:<\/strong>\r\n\r\n1. Carcasas de contenedores con calefacci\u00f3n encamisada o de medio tubo;\r\n\r\n2. 2. El rotor puede configurarse con diferentes formas de rascador: rascador m\u00f3vil, rascador fijo, rascador articulado, etc;\r\n\r\n3. 3. El distribuidor puede ser distribuido uniformemente con los materiales;\r\n\r\n4. El separador de gas-l\u00edquido puede ser arrastrado por medio de niebla;\r\n\r\n5. 5. Cabezal de sellado inferior con rotor de soporte de cojinetes externo o incorporado.\r\n\r\n&nbsp;\r\n\r\n<strong>Caracter\u00edsticas del rotor:<\/strong>\r\n\r\n1. Existen diferentes rotores para diferentes sustancias;\r\n\r\n2. Mediante la selecci\u00f3n de diferentes formas de rotor, se puede controlar el tiempo de residencia del material y el grosor de la laminaci\u00f3n para optimizar la eficacia de la evaporaci\u00f3n;\r\n\r\n3. 3. De acuerdo con la selecci\u00f3n del rotor y la combinaci\u00f3n perfecta con el rendimiento global de la evaporaci\u00f3n, con el fin de lograr la combinaci\u00f3n perfecta de coste y eficiencia;\r\n\r\n4. 4. De acuerdo con la elecci\u00f3n del rotor, la fuente de calor se puede ahorrar bajo la condici\u00f3n de mejorar la eficiencia de la evaporaci\u00f3n;\r\n\r\n5. 5. F\u00e1cil mantenimiento.\r\n\r\n<img class=\"aligncenter\" style=\"text-wrap-mode: wrap; width: 846px; height: 451px;\" src=\"https:\/\/ekaislot.com\/wp-content\/uploads\/e2b3d70f3b4f854da53ad4f6b5ea51a.png\" \/>","contact_title":"","contact":1493},"_links":{"self":[{"href":"https:\/\/www.ekaislot.com\/es\/wp-json\/wp\/v2\/product\/1489","targetHints":{"allow":["GET"]}}],"collection":[{"href":"https:\/\/www.ekaislot.com\/es\/wp-json\/wp\/v2\/product"}],"about":[{"href":"https:\/\/www.ekaislot.com\/es\/wp-json\/wp\/v2\/types\/product"}],"wp:featuredmedia":[{"embeddable":true,"href":"https:\/\/www.ekaislot.com\/es\/wp-json\/wp\/v2\/media\/1493"}],"wp:attachment":[{"href":"https:\/\/www.ekaislot.com\/es\/wp-json\/wp\/v2\/media?parent=1489"}],"wp:term":[{"taxonomy":"product-category","embeddable":true,"href":"https:\/\/www.ekaislot.com\/es\/wp-json\/wp\/v2\/product-category?post=1489"}],"curies":[{"name":"wp","href":"https:\/\/api.w.org\/{rel}","templated":true}]}}