{"id":1468,"date":"2025-12-19T10:14:35","date_gmt":"2025-12-19T02:14:35","guid":{"rendered":"https:\/\/ekaislot.com\/?post_type=product&#038;p=1468"},"modified":"2026-03-12T10:32:12","modified_gmt":"2026-03-12T02:32:12","slug":"structured-packing","status":"publish","type":"product","link":"https:\/\/www.ekaislot.com\/es\/product\/structured-packing\/","title":{"rendered":"Embalaje estructurado"},"featured_media":3314,"parent":0,"template":"","product-category":[202,219,193],"class_list":["post-1468","product","type-product","status-publish","has-post-thumbnail","hentry","product-category-packing-systems","product-category-packings","product-category-tower-internals"],"acf":{"brief":"When pressure and liquid load is low, structured packing can be applied to reduce pressure drop and energy consumption.\r\n","product_image":[{"pro_img":3314},{"pro_img":1475},{"pro_img":1471},{"pro_img":1472},{"pro_img":1473},{"pro_img":1474}],"description":"<strong><img class=\"size-medium wp-image-3570 alignleft\" src=\"https:\/\/www.ekaislot.com\/wp-content\/uploads\/two-473x960.jpg\" alt=\"\" width=\"473\" height=\"960\" \/>Ventajas :<\/strong>\r\n<ul class=\"list-paddingleft-2\" style=\"list-style-type: disc;\">\r\n \t<li>Cuando la presi\u00f3n y la carga de l\u00edquido son bajas, puede aplicarse una empaquetadura estructurada para reducir la ca\u00edda de presi\u00f3n y el consumo de energ\u00eda.<\/li>\r\n<\/ul>","contact_title":"","contact":1475},"_links":{"self":[{"href":"https:\/\/www.ekaislot.com\/es\/wp-json\/wp\/v2\/product\/1468","targetHints":{"allow":["GET"]}}],"collection":[{"href":"https:\/\/www.ekaislot.com\/es\/wp-json\/wp\/v2\/product"}],"about":[{"href":"https:\/\/www.ekaislot.com\/es\/wp-json\/wp\/v2\/types\/product"}],"wp:featuredmedia":[{"embeddable":true,"href":"https:\/\/www.ekaislot.com\/es\/wp-json\/wp\/v2\/media\/3314"}],"wp:attachment":[{"href":"https:\/\/www.ekaislot.com\/es\/wp-json\/wp\/v2\/media?parent=1468"}],"wp:term":[{"taxonomy":"product-category","embeddable":true,"href":"https:\/\/www.ekaislot.com\/es\/wp-json\/wp\/v2\/product-category?post=1468"}],"curies":[{"name":"wp","href":"https:\/\/api.w.org\/{rel}","templated":true}]}}