{"id":1462,"date":"2025-12-19T10:12:21","date_gmt":"2025-12-19T02:12:21","guid":{"rendered":"https:\/\/ekaislot.com\/?post_type=product&#038;p=1462"},"modified":"2026-03-12T10:32:41","modified_gmt":"2026-03-12T02:32:41","slug":"random-packing","status":"publish","type":"product","link":"https:\/\/www.ekaislot.com\/es\/product\/random-packing\/","title":{"rendered":"Embalaje aleatorio"},"featured_media":3313,"parent":0,"template":"","product-category":[202,219,193],"class_list":["post-1462","product","type-product","status-publish","has-post-thumbnail","hentry","product-category-packing-systems","product-category-packings","product-category-tower-internals"],"acf":{"brief":"Ekaislot provide high-performance replacement of random packing such as Pall Rings (Thermoplastics, Metals), Raschig Rings (Ceramics, Metals) and Saddles (Ceramics, Thermoplastics).","product_image":[{"pro_img":3313},{"pro_img":1466},{"pro_img":1465}],"description":"<strong><img class=\"size-medium wp-image-3570 alignleft\" src=\"https:\/\/www.ekaislot.com\/wp-content\/uploads\/two-473x960.jpg\" alt=\"\" width=\"473\" height=\"960\" \/>Ventajas :<\/strong>\r\n<ul class=\"list-paddingleft-2\" style=\"list-style-type: disc;\">\r\n \t<li>Cuando la ca\u00edda de presi\u00f3n y el tiempo de residencia son insignificantes para el funcionamiento de la columna, puede aplicarse una empaquetadura aleatoria para aumentar la capacidad y la eficacia.<\/li>\r\n \t<li>Los anillos de pl\u00e1stico reducir\u00e1n la resistencia y maximizar\u00e1n la transferencia de masa<\/li>\r\n \t<li>Los anillos met\u00e1licos con mejoras particulares mejorar\u00e1n la aleatoriedad, la dispersi\u00f3n de l\u00edquidos y la resistencia mec\u00e1nica<\/li>\r\n<\/ul>","contact_title":"","contact":1466},"_links":{"self":[{"href":"https:\/\/www.ekaislot.com\/es\/wp-json\/wp\/v2\/product\/1462","targetHints":{"allow":["GET"]}}],"collection":[{"href":"https:\/\/www.ekaislot.com\/es\/wp-json\/wp\/v2\/product"}],"about":[{"href":"https:\/\/www.ekaislot.com\/es\/wp-json\/wp\/v2\/types\/product"}],"wp:featuredmedia":[{"embeddable":true,"href":"https:\/\/www.ekaislot.com\/es\/wp-json\/wp\/v2\/media\/3313"}],"wp:attachment":[{"href":"https:\/\/www.ekaislot.com\/es\/wp-json\/wp\/v2\/media?parent=1462"}],"wp:term":[{"taxonomy":"product-category","embeddable":true,"href":"https:\/\/www.ekaislot.com\/es\/wp-json\/wp\/v2\/product-category?post=1462"}],"curies":[{"name":"wp","href":"https:\/\/api.w.org\/{rel}","templated":true}]}}