{"id":1451,"date":"2025-12-19T10:09:49","date_gmt":"2025-12-19T02:09:49","guid":{"rendered":"https:\/\/ekaislot.com\/?post_type=product&#038;p=1451"},"modified":"2026-02-12T11:37:21","modified_gmt":"2026-02-12T03:37:21","slug":"packing-support","status":"publish","type":"product","link":"https:\/\/www.ekaislot.com\/es\/product\/packing-support\/","title":{"rendered":"Apoyo al embalaje"},"featured_media":1457,"parent":0,"template":"","product-category":[220,202,193],"class_list":["post-1451","product","type-product","status-publish","has-post-thumbnail","hentry","product-category-packing-support-restraint-systems","product-category-packing-systems","product-category-tower-internals"],"acf":{"brief":"Random packing support offers an 100% open area. Structured packing support can be made of various metal or thermoplastic materials.\r\n","product_image":[{"pro_img":1457},{"pro_img":1454},{"pro_img":1455},{"pro_img":1456}],"description":"<strong>Ventajas :<\/strong>\r\n<ul class=\"list-paddingleft-2\" style=\"list-style-type: disc;\">\r\n \t<li>Cuando la presi\u00f3n y la carga de l\u00edquido son bajas, puede aplicarse una empaquetadura estructurada para reducir la ca\u00edda de presi\u00f3n y el consumo de energ\u00eda.<\/li>\r\n<\/ul>","contact_title":"","contact":1457},"_links":{"self":[{"href":"https:\/\/www.ekaislot.com\/es\/wp-json\/wp\/v2\/product\/1451","targetHints":{"allow":["GET"]}}],"collection":[{"href":"https:\/\/www.ekaislot.com\/es\/wp-json\/wp\/v2\/product"}],"about":[{"href":"https:\/\/www.ekaislot.com\/es\/wp-json\/wp\/v2\/types\/product"}],"wp:featuredmedia":[{"embeddable":true,"href":"https:\/\/www.ekaislot.com\/es\/wp-json\/wp\/v2\/media\/1457"}],"wp:attachment":[{"href":"https:\/\/www.ekaislot.com\/es\/wp-json\/wp\/v2\/media?parent=1451"}],"wp:term":[{"taxonomy":"product-category","embeddable":true,"href":"https:\/\/www.ekaislot.com\/es\/wp-json\/wp\/v2\/product-category?post=1451"}],"curies":[{"name":"wp","href":"https:\/\/api.w.org\/{rel}","templated":true}]}}