{"id":1441,"date":"2025-12-19T10:07:34","date_gmt":"2025-12-19T02:07:34","guid":{"rendered":"https:\/\/ekaislot.com\/?post_type=product&#038;p=1441"},"modified":"2026-02-12T13:09:41","modified_gmt":"2026-02-12T05:09:41","slug":"other-trays","status":"publish","type":"product","link":"https:\/\/www.ekaislot.com\/es\/product\/other-trays\/","title":{"rendered":"Otras bandejas"},"featured_media":1449,"parent":0,"template":"","product-category":[193,201],"class_list":["post-1441","product","type-product","status-publish","has-post-thumbnail","hentry","product-category-tower-internals","product-category-trays"],"acf":{"brief":"Sieve Tray is a perforated flat designed plate, which is widely applied in industry process. Dual flow trays are sieve trays without downcomers, which are originated from countercurrent flow of the vapor and liquid through the perforations.","product_image":[{"pro_img":1449},{"pro_img":1444},{"pro_img":1445},{"pro_img":1446},{"pro_img":1447},{"pro_img":1448}],"description":"<strong>Ventajas de las bandejas de criba :<\/strong>\r\n<ul class=\"list-paddingleft-2\" style=\"list-style-type: disc;\">\r\n \t<li>Buena eficacia operativa,<\/li>\r\n \t<li>Dise\u00f1o sencillo<\/li>\r\n \t<li>Bajo coste y f\u00e1cil mantenimiento .<\/li>\r\n \t<li>Ser resistente a los servicios de ensuciamiento pesado y ofrecer altas capacidades.<\/li>\r\n<\/ul>\r\n<strong>Desventajas de las bandejas de criba :<\/strong>\r\n<ul class=\"list-paddingleft-2\" style=\"list-style-type: disc;\">\r\n \t<li>Poca flexibilidad<\/li>\r\n \t<li>Prestaciones de bajas a moderadas.<\/li>\r\n<\/ul>\r\n<strong>Ventajas de las bandejas de doble flujo:<\/strong>\r\n<ul class=\"list-paddingleft-2\" style=\"list-style-type: disc;\">\r\n \t<li>La tasa de vapor mantiene el nivel de l\u00edquido de la placa y el tama\u00f1o del orificio se definir\u00e1 para optimizar el rendimiento.<\/li>\r\n \t<li>Cuando las bandejas de doble flujo tienen un \u00e1rea abierta elevada,la capacidad tiende a ser mayor y la ca\u00edda de presi\u00f3n menor, siendo especialmente adecuadas para contener un contenido de s\u00f3lidos de moderado a alto.<\/li>\r\n<\/ul>","contact_title":"","contact":1449},"_links":{"self":[{"href":"https:\/\/www.ekaislot.com\/es\/wp-json\/wp\/v2\/product\/1441","targetHints":{"allow":["GET"]}}],"collection":[{"href":"https:\/\/www.ekaislot.com\/es\/wp-json\/wp\/v2\/product"}],"about":[{"href":"https:\/\/www.ekaislot.com\/es\/wp-json\/wp\/v2\/types\/product"}],"wp:featuredmedia":[{"embeddable":true,"href":"https:\/\/www.ekaislot.com\/es\/wp-json\/wp\/v2\/media\/1449"}],"wp:attachment":[{"href":"https:\/\/www.ekaislot.com\/es\/wp-json\/wp\/v2\/media?parent=1441"}],"wp:term":[{"taxonomy":"product-category","embeddable":true,"href":"https:\/\/www.ekaislot.com\/es\/wp-json\/wp\/v2\/product-category?post=1441"}],"curies":[{"name":"wp","href":"https:\/\/api.w.org\/{rel}","templated":true}]}}