{"id":1432,"date":"2025-12-19T10:05:01","date_gmt":"2025-12-19T02:05:01","guid":{"rendered":"https:\/\/ekaislot.com\/?post_type=product&#038;p=1432"},"modified":"2026-03-12T10:42:45","modified_gmt":"2026-03-12T02:42:45","slug":"mist-eliminators","status":"publish","type":"product","link":"https:\/\/www.ekaislot.com\/es\/product\/mist-eliminators\/","title":{"rendered":"Nebulizadores"},"featured_media":1438,"parent":0,"template":"","product-category":[206,193],"class_list":["post-1432","product","type-product","status-publish","has-post-thumbnail","hentry","product-category-mist-eliminators-coalescers","product-category-tower-internals"],"acf":{"brief":"The most widely used mist eliminator in industrial applications is the knitted-wire-mesh type. These mesh eliminators consist of a pad of knitted wire mesh packed between two rigid grids for support.","product_image":[{"pro_img":1438},{"pro_img":1435},{"pro_img":1436},{"pro_img":1437}],"description":"<img class=\"size-medium wp-image-3572 alignleft\" src=\"https:\/\/www.ekaislot.com\/wp-content\/uploads\/four-473x960.jpg\" alt=\"\" width=\"473\" height=\"960\" \/>\r\n\r\n<strong>Ventajas :<\/strong>\r\n<ul class=\"list-paddingleft-2\" style=\"list-style-type: disc;\">\r\n \t<li>En funci\u00f3n de los requisitos de su proceso, le proporcionamos un \u00e1rea de plataforma recomendada derivada de nuestros c\u00e1lculos hidr\u00e1ulicos.<\/li>\r\n \t<li>A continuaci\u00f3n, dise\u00f1amos la configuraci\u00f3n \u00f3ptima para adaptarla a las dimensiones del separador y lograr la m\u00e1xima eficacia.<\/li>\r\n \t<li>Estas almohadillas pueden personalizarse en forma circular, rectangular, cil\u00edndrica o en V.<\/li>\r\n \t<li>Cada almohadilla se suministra con rejillas superior e inferior y torniller\u00eda de fijaci\u00f3n.<\/li>\r\n<\/ul>\r\n<p style=\"text-align: center;\"><img style=\"width: 600px; height: 400px; margin: 20px; border: 0px solid;\" title=\"separador de gotas de malla\" src=\"https:\/\/ekaislot.com\/wp-content\/uploads\/2_9-Mist-Eliminators-2.png\" alt=\"mesh mist eliminator\" width=\"600\" height=\"400\" border=\"0\" hspace=\"20\" vspace=\"20\" \/><\/p>\r\nLa siguiente lista resume algunos tipos de separadores de gotas de malla dise\u00f1ados y suministrados por Ekaislot.\r\n<p style=\"text-align: center;\"><img style=\"width: 1099px; height: 227px;\" src=\"https:\/\/ekaislot.com\/wp-content\/uploads\/\u5fae\u4fe1\u56fe\u7247_20250225160423.png\" \/><img style=\"float: left; width: 600px; height: 400px; margin: 20px; border: 0px solid;\" title=\"eliminador de vaho de paletas\" src=\"https:\/\/ekaislot.com\/wp-content\/uploads\/2_9-Mist-Eliminators-3.png\" alt=\"vane mist eliminator\" width=\"600\" height=\"400\" border=\"0\" hspace=\"20\" vspace=\"20\" \/><\/p>\r\n<span style=\"color: #000000;\"><strong style=\"font-size: 16px; text-wrap-mode: wrap;\">Separadores de gotas de paletas<\/strong><\/span>\r\n\r\n<span style=\"color: #000000;\"><strong style=\"font-size: 16px; text-wrap-mode: wrap;\">\u00a0<\/strong><\/span>Las placas deflectoras especialmente perfiladas de estilo chevron son el secreto de nuestros eliminadores de gotas de \u00e1labe. Estos separadores de gotas eliminan las gotas de l\u00edquido de una corriente de vapor mediante el impacto inercial de las gotas con la placa deflectora. Mientras tanto, el gas sigue una trayectoria en zigzag entre los deflectores.\r\nEl separador de gotas de \u00e1labes proporciona una mayor capacidad de manejo de la carga de gas. Adem\u00e1s, si los deflectores se instalan en un flujo de gas horizontal en lugar de vertical, puede manejar velocidades de gas a\u00fan mayores. Es menos eficaz en la eliminaci\u00f3n de gotas muy peque\u00f1as en comparaci\u00f3n con el tipo de malla. El dise\u00f1o est\u00e1ndar es para la eliminaci\u00f3n de gotas mayores de 30 \u00b5m, y podemos proponer un dise\u00f1o especial de alta eficiencia para la eliminaci\u00f3n de gotas de alrededor de 15 \u00b5m.\r\n\r\n<strong>Las caracter\u00edsticas incluyen:\u00a0<\/strong>\r\n<ul class=\"list-paddingleft-2\" style=\"list-style-type: disc;\">\r\n \t<li>Sin canales de drenaje<\/li>\r\n \t<li>Canales de drenaje abiertos (bolsa \u00fanica)<\/li>\r\n \t<li>Canales de drenaje cerrados (doble bolsa)<\/li>\r\n \t<li>La resistencia al ensuciamiento puede ajustarse dentro de la gama.<\/li>\r\n<\/ul>\r\n&nbsp;\r\n\r\n<img style=\"float: right; width: 600px; height: 400px; margin: 20px; border: 0px solid;\" title=\"Coalescedores de paquete de placas\" src=\"https:\/\/ekaislot.com\/wp-content\/uploads\/2_9-Mist-Eliminators-4.png\" alt=\"Plate Pack Coalescers\" width=\"600\" height=\"400\" border=\"0\" hspace=\"20\" vspace=\"20\" \/>\r\n\r\n&nbsp;\r\n\r\n&nbsp;\r\n\r\n<strong><span style=\"font-size: 16px;\">Separador l\u00edquido\/l\u00edquido :\u00a0<\/span><\/strong>\r\n\r\n<strong><span style=\"font-size: 16px;\">Coalescedores de paquete de placas ESP<\/span><\/strong>\r\n\r\nLos separadores l\u00edquido-l\u00edquido se emplean habitualmente para eliminar aceite u otros componentes de hidrocarburos del agua.  Ekaislot puede proporcionarle el dise\u00f1o de coalescente de placa para ayudar en la coalescencia de gotas de aceite en el agua y gotas de agua en el aceite.Si su proceso requiere la separaci\u00f3n de dos o tres fases, Coalescentes realizan muy eficazmente.\r\n\r\nDise\u00f1ados y fabricados para facilitar su instalaci\u00f3n y desmontaje con fines de mantenimiento, los coalescedores han demostrado su eficacia en numerosas aplicaciones.","contact_title":"","contact":1438},"_links":{"self":[{"href":"https:\/\/www.ekaislot.com\/es\/wp-json\/wp\/v2\/product\/1432","targetHints":{"allow":["GET"]}}],"collection":[{"href":"https:\/\/www.ekaislot.com\/es\/wp-json\/wp\/v2\/product"}],"about":[{"href":"https:\/\/www.ekaislot.com\/es\/wp-json\/wp\/v2\/types\/product"}],"wp:featuredmedia":[{"embeddable":true,"href":"https:\/\/www.ekaislot.com\/es\/wp-json\/wp\/v2\/media\/1438"}],"wp:attachment":[{"href":"https:\/\/www.ekaislot.com\/es\/wp-json\/wp\/v2\/media?parent=1432"}],"wp:term":[{"taxonomy":"product-category","embeddable":true,"href":"https:\/\/www.ekaislot.com\/es\/wp-json\/wp\/v2\/product-category?post=1432"}],"curies":[{"name":"wp","href":"https:\/\/api.w.org\/{rel}","templated":true}]}}