{"id":1404,"date":"2025-12-19T09:50:53","date_gmt":"2025-12-19T01:50:53","guid":{"rendered":"https:\/\/ekaislot.com\/?post_type=product&#038;p=1404"},"modified":"2026-03-12T10:37:51","modified_gmt":"2026-03-12T02:37:51","slug":"liquid-distributors","status":"publish","type":"product","link":"https:\/\/www.ekaislot.com\/es\/product\/liquid-distributors\/","title":{"rendered":"Distribuidores de l\u00edquidos"},"featured_media":1412,"parent":0,"template":"","product-category":[204,193],"class_list":["post-1404","product","type-product","status-publish","has-post-thumbnail","hentry","product-category-distributors-inlet-devices","product-category-tower-internals"],"acf":{"brief":"Liquid distributors are used in packed towers above each bed of packing they should guarantee a uniform liquid distribution. Packing efficiency may decrease due to misdistribution and it tends to low packing turndown.\r\nEkaislot design these column internals with an accurate luid distrib ution  in  distillation  columns.  ","product_image":[{"pro_img":1412}],"description":"<h2><strong>EKD-101\/<\/strong><strong>EKD-102<\/strong><\/h2>\r\n<img class=\"wp-image-3297 alignleft\" style=\"margin-right: 45px; margin-bottom: 15px;\" src=\"https:\/\/ekaislot.com\/wp-content\/uploads\/EKD-101.png\" alt=\"\" width=\"264\" height=\"410\" \/>\r\n<h3><strong><b>TIPO PAN<\/b><\/strong>\u00a0(ABIERTO<strong><b>\u00a0<\/b><\/strong><strong><b>ORIFICE)<\/b><\/strong><\/h3>\r\n<ul>\r\n \t<li>\u00a0Dise\u00f1o para instalaci\u00f3n como conjunto de una pieza, di\u00e1metro hasta 1200 mm<\/li>\r\n \t<li>\u00a0Nivel de l\u00edquido equilibrado mediante orificios situados en el fondo de la cubeta<\/li>\r\n \t<li>\u00a0Vapor bajo a trav\u00e9s de la c\u00e1mara de gas circular, as\u00ed como a trav\u00e9s de la brecha entre la bandeja y la pared del recipiente<\/li>\r\n \t<li>\u00a0M\u00e1xima relaci\u00f3n de reducci\u00f3n del funcionamiento a 2:1<\/li>\r\n \t<li>\u00a0Para servicio de l\u00edquidos limpios<\/li>\r\n \t<li>\u00a0No apto para redistribuir l\u00edquidos<\/li>\r\n<\/ul>\r\n<h3><strong><b>TIPO PAN<\/b><\/strong>\u00a0(DRIP<strong><b> TUBO)<\/b><\/strong><\/h3>\r\n<ul>\r\n \t<li>\u00a0Dise\u00f1o alternativo al tipo EKD-101, di\u00e1metro hasta 1000 mm<\/li>\r\n \t<li>\u00a0Nivel de l\u00edquido equilibrado mediante orificios situados en los tubos de goteo instalados en la cubeta<\/li>\r\n \t<li>\u00a0Vapor bajo a trav\u00e9s del gasriser circular, as\u00ed como a trav\u00e9s de la secci\u00f3n perif\u00e9rica entre la bandeja y la pared del recipiente.<\/li>\r\n \t<li>\u00a0Dise\u00f1o est\u00e1ndar para una relaci\u00f3n de reducci\u00f3n de operaci\u00f3n de 2:1, y con un dise\u00f1o optimizado una relaci\u00f3n de reducci\u00f3n alta de 4:1 mediante el uso de m\u00faltiples niveles de orificios en los tubos de goteo.<\/li>\r\n \t<li>\u00a0Tendencia al ensuciamiento de baja a moderada<\/li>\r\n<\/ul>\r\n&nbsp;\r\n<h2><strong><b>EKD-201<\/b><\/strong><\/h2>\r\n<img class=\"alignleft wp-image-3299\" style=\"margin-right: 45px; margin-bottom: 15px;\" src=\"https:\/\/ekaislot.com\/wp-content\/uploads\/EKD-201.png\" alt=\"Liquid distributors EKD-101\" width=\"264\" height=\"198\" \/>\r\n<h3><strong><b>BANDEJA PARA CHIMENEA<\/b><\/strong><strong><b>\u00a0<\/b><\/strong><strong><b>(ABIERTO<\/b><\/strong><strong><b>\u00a0<\/b><\/strong><strong><b>ORIFICE)<\/b><\/strong><\/h3>\r\n<ul>\r\n \t<li>Disponible para cualquier di\u00e1metro, disposici\u00f3n de chimenea de dise\u00f1o personalizado para diversos requisitos de aplicaci\u00f3n de distribuci\u00f3n de l\u00edquido y ca\u00edda de presi\u00f3n.<\/li>\r\n \t<li>\u00a0L\u00edquido bajo a trav\u00e9s de orificios situados en la bandeja, vapor bajo a trav\u00e9s de chimeneas<\/li>\r\n \t<li>\u00a0Relaci\u00f3n de reducci\u00f3n est\u00e1ndar de 2:1<\/li>\r\n \t<li>\u00a0Dise\u00f1o est\u00e1ndar para servicio de l\u00edquido limpio; menor tendencia al ensuciamiento cuando se utilizan orificios de fondo m\u00e1s grandes para un mayor caudal de l\u00edquido bajo.<\/li>\r\n \t<li>\u00a0Este distribuidor es adecuado para la redistribuci\u00f3n de l\u00edquidos<\/li>\r\n<\/ul>\r\n<img class=\"size-medium wp-image-3571 alignright\" src=\"https:\/\/www.ekaislot.com\/wp-content\/uploads\/three-473x960.jpg\" alt=\"\" width=\"473\" height=\"960\" \/>\r\n\r\n&nbsp;\r\n<h2><strong><b>EKD-202<\/b><\/strong><\/h2>\r\n<img class=\"wp-image-3301 alignleft\" style=\"margin-right: 45px; margin-bottom: 15px;\" src=\"https:\/\/ekaislot.com\/wp-content\/uploads\/EKD-202.png\" alt=\"\" width=\"264\" height=\"198\" \/>\r\n<h3><strong><b>BANDEJA PARA CHIMENEA<\/b><\/strong><strong><b>\u00a0<\/b><\/strong><strong><b>(DRIP TUBE)<\/b><\/strong><\/h3>\r\n<ul>\r\n \t<li>\u00a0Dise\u00f1o alternativo al tipo EKD-201, disponible para cualquier di\u00e1metro<\/li>\r\n \t<li>\u00a0El l\u00edquido baja a trav\u00e9s de orificios situados en tubos de goteo instalados en la cubierta de la bandeja, el vapor baja a trav\u00e9s de chimeneas<\/li>\r\n \t<li>\u00a0Relaci\u00f3n de reducci\u00f3n de funcionamiento est\u00e1ndar a 2:1,y relaci\u00f3n de reducci\u00f3n alta a<\/li>\r\n \t<li>4:1 disponible mediante el uso de m\u00faltiples niveles de orificios en los tubos de goteo<\/li>\r\n \t<li>\u00a0Tendencia baja y moderada al ensuciamiento<\/li>\r\n \t<li>\u00a0Este distribuidor es adecuado para la redistribuci\u00f3n de l\u00edquidos<\/li>\r\n<\/ul>\r\n&nbsp;\r\n<h2><strong><b>EKD-301\/302<\/b><\/strong><\/h2>\r\n<h2><img class=\"wp-image-3300 alignleft\" style=\"margin-right: 45px; margin-bottom: 15px;\" src=\"https:\/\/ekaislot.com\/wp-content\/uploads\/EKD-301.png\" alt=\"\" width=\"263\" height=\"410\" \/><\/h2>\r\n<h3><strong><b>TIPO DE RANURA<\/b><\/strong><strong><b>\u00a0<\/b><\/strong><strong><b>(ABIERTO<\/b><\/strong><strong><b>\u00a0<\/b><\/strong><strong><b>ORIFICE)<\/b><\/strong><\/h3>\r\n<ul>\r\n \t<li>Dise\u00f1o para una distribuci\u00f3n precisa del l\u00edquido, di\u00e1metro superior a 900 mm<\/li>\r\n \t<li>Dosificaci\u00f3n del l\u00edquido a trav\u00e9s de orificios situados en el fondo de las cubetas<\/li>\r\n \t<li>Paso de vapor suministrado por el hueco entre las canaletas<\/li>\r\n \t<li>Alimentaci\u00f3n de l\u00edquido a la caja de separaci\u00f3n central superior y, a continuaci\u00f3n, a las artesas inferiores; dise\u00f1o opcional: una artesa central (al mismo nivel que las artesas laterales) para proporcionar soporte estructural e igualaci\u00f3n de l\u00edquido entre las artesas.<\/li>\r\n \t<li>M\u00e1xima relaci\u00f3n de reducci\u00f3n a 2:1<\/li>\r\n \t<li>Para servicio de l\u00edquidos limpios (resistencia limitada a las incrustaciones)<\/li>\r\n<\/ul>\r\n<h3><strong><b>TIPO DE RANURA<\/b><\/strong><strong><b>\u00a0<\/b><\/strong><strong><b>(DRIP TUBE)<\/b><\/strong><\/h3>\r\n<ul>\r\n \t<li>\u00a0Dise\u00f1o alternativo al tipo EKD-301, di\u00e1metro superior a 900 mm<\/li>\r\n \t<li>\u00a0El l\u00edquido baja a trav\u00e9s de los orificios situados en los tubos de goteo instalados en las cubetas, el vapor a trav\u00e9s de los espacios entre las cubetas<\/li>\r\n \t<li>\u00a0Relaci\u00f3n de reducci\u00f3n de funcionamiento est\u00e1ndar de 2:1, relaci\u00f3n de reducci\u00f3n superior de 4:1 alcanzable mediante el uso de m\u00faltiples niveles de orificios en los tubos de goteo.<\/li>\r\n \t<li>\u00a0Para servicios de ensuciamiento bajo a moderado<\/li>\r\n<\/ul>\r\n&nbsp;\r\n\r\n&nbsp;\r\n<h2><strong><b>EKD-303\/304<\/b><\/strong><\/h2>\r\n<img class=\"wp-image-3302 alignleft\" style=\"margin-right: 45px; margin-bottom: 15px;\" src=\"https:\/\/ekaislot.com\/wp-content\/uploads\/EKD-303.png\" alt=\"\" width=\"264\" height=\"293\" \/>\r\n<h3><strong><b>TIPO DE RANURA<\/b><\/strong><strong><b>\u00a0<\/b><\/strong><strong><b>(GUIADO<\/b><\/strong><strong><b>\u00a0<\/b><\/strong><strong><b>TUBO LATERAL\/<\/b><\/strong><strong><b>\u00a0<\/b><\/strong><strong><b>PLACA)<\/b><\/strong><\/h3>\r\n<ul>\r\n \t<li>Di\u00e1metro superior a 900 mm, posiblemente hasta 4000 mm<\/li>\r\n \t<li>El l\u00edquido baja a trav\u00e9s de los orificios situados en las paredes laterales de la artesa, el vapor a trav\u00e9s del hueco entre las artesas<\/li>\r\n \t<li>Tubos de goteo guiados instalados en el exterior de las artesas que conducen el l\u00edquido desde los puntos de goteo para disminuir el arrastre y eliminar la mala distribuci\u00f3n del l\u00edquido; orificios de rebose previstos en cada tubo guiado.<\/li>\r\n \t<li>Un dise\u00f1o alternativo de conducci\u00f3n de l\u00edquidos con grandes orificios en las paredes laterales de la artesa, acompa\u00f1ado de un sistema de descarga de placas finas, proporcionar\u00e1 una gran resistencia a las incrustaciones.<\/li>\r\n \t<li>Relaci\u00f3n de reducci\u00f3n est\u00e1ndar de 2:1; con esta configuraci\u00f3n se puede alcanzar una relaci\u00f3n de hasta 10:1.<\/li>\r\n<\/ul>\r\n&nbsp;\r\n\r\n&nbsp;\r\n<h2><strong><b>EKD-401\/402<\/b><\/strong><\/h2>\r\n<img class=\"wp-image-3303 alignleft\" style=\"margin-right: 45px; margin-bottom: 15px;\" src=\"https:\/\/ekaislot.com\/wp-content\/uploads\/EKD-401.png\" alt=\"\" width=\"264\" height=\"199\" \/>\r\n<h3><strong><b>TIPO DE TUBO<\/b><\/strong><strong><b>\u00a0<\/b><\/strong><strong><b>(ABIERTO<\/b><\/strong><strong><b>\u00a0<\/b><\/strong><strong><b>ORIFICE\/SPRAY<\/b><\/strong><strong><b>\u00a0<\/b><\/strong><strong><b>BOQUILLA)<\/b><\/strong><\/h3>\r\n<ul>\r\n \t<li>Dise\u00f1o con tuber\u00eda b\u00e1sica de entrada y laterales<\/li>\r\n \t<li>L\u00edquido bajo a trav\u00e9s de orificios situados en la pared de las tuber\u00edas laterales, dise\u00f1o alternativo mediante boquillas de pulverizaci\u00f3n<\/li>\r\n \t<li>Dise\u00f1o de la boquilla de pulverizaci\u00f3n para una cobertura completa del l\u00edquido y la humectaci\u00f3n del lecho<\/li>\r\n \t<li>M\u00e1xima relaci\u00f3n de reducci\u00f3n a 2:1<\/li>\r\n \t<li>Dise\u00f1o est\u00e1ndar para servicio de l\u00edquidos limpios<\/li>\r\n<\/ul>","contact_title":"","contact":1412},"_links":{"self":[{"href":"https:\/\/www.ekaislot.com\/es\/wp-json\/wp\/v2\/product\/1404","targetHints":{"allow":["GET"]}}],"collection":[{"href":"https:\/\/www.ekaislot.com\/es\/wp-json\/wp\/v2\/product"}],"about":[{"href":"https:\/\/www.ekaislot.com\/es\/wp-json\/wp\/v2\/types\/product"}],"wp:featuredmedia":[{"embeddable":true,"href":"https:\/\/www.ekaislot.com\/es\/wp-json\/wp\/v2\/media\/1412"}],"wp:attachment":[{"href":"https:\/\/www.ekaislot.com\/es\/wp-json\/wp\/v2\/media?parent=1404"}],"wp:term":[{"taxonomy":"product-category","embeddable":true,"href":"https:\/\/www.ekaislot.com\/es\/wp-json\/wp\/v2\/product-category?post=1404"}],"curies":[{"name":"wp","href":"https:\/\/api.w.org\/{rel}","templated":true}]}}