{"id":1394,"date":"2025-12-19T09:44:42","date_gmt":"2025-12-19T01:44:42","guid":{"rendered":"https:\/\/ekaislot.com\/?post_type=product&#038;p=1394"},"modified":"2026-03-12T10:27:12","modified_gmt":"2026-03-12T02:27:12","slug":"bubble-cap-tray","status":"publish","type":"product","link":"https:\/\/www.ekaislot.com\/es\/product\/bubble-cap-tray\/","title":{"rendered":"Bandeja de tapones de burbujas"},"featured_media":1402,"parent":0,"template":"","product-category":[193,201],"class_list":["post-1394","product","type-product","status-publish","has-post-thumbnail","hentry","product-category-tower-internals","product-category-trays"],"acf":{"brief":"Bubble Cap Tray. Rising vapor passes through risers into bubble cap which then forces vapor downward,  and the vapor later bubbles out through slots into liquid on the tray.\r\n","product_image":[{"pro_img":1402},{"pro_img":1397},{"pro_img":1398},{"pro_img":1399},{"pro_img":1400},{"pro_img":1401}],"description":"<ul class=\"list-paddingleft-2\" style=\"list-style-type: disc;\">\r\n \t<li>El sello l\u00edquido creado contribuye a la fuga herm\u00e9tica en tasas bajas de l\u00edquido \/ vapor en comparaci\u00f3n con el tamiz o la bandeja de la v\u00e1lvula, lo que lleva a una amplia gama de funcionamiento. Adem\u00e1s, las fugas pueden reducirse al m\u00ednimo ya que las bandejas con tap\u00f3n de burbujas est\u00e1n soldadas o selladas. .<\/li>\r\n \t<li>Adem\u00e1s, la elevada relaci\u00f3n de giro contribuye a ampliar las aplicaciones para cargas l\u00edquidas bajas.<\/li>\r\n \t<li>Gran eficacia y flexibilidad en comparaci\u00f3n con las bandejas de criba<\/li>\r\n \t<li>Alta protecci\u00f3n contra las incrustaciones y capacidad en comparaci\u00f3n con las bandejas de criba<\/li>\r\n<\/ul>\r\n<img class=\"size-medium wp-image-3569 alignleft\" src=\"https:\/\/www.ekaislot.com\/wp-content\/uploads\/one-473x960.jpg\" alt=\"\" width=\"473\" height=\"960\" \/>\r\n\r\n<strong>Aplicaci\u00f3n:<\/strong> Absorbedores y regeneradores de aminas, torres c\u00e1usticas, columnas de deshidrataci\u00f3n de glicol. (bajas tasas de l\u00edquido y vapor,)\r\n<p style=\"text-align: center;\"><img style=\"display: inline-block; width: 300px; height: 226px; margin: 10px; border: 0px solid;\" title=\"\" src=\"https:\/\/ekaislot.com\/wp-content\/uploads\/2_1-Bubble-Cap-Tray.png\" width=\"300\" height=\"226\" border=\"0\" hspace=\"10\" vspace=\"10\" \/> \u00a0 \u00a0<img style=\"display: inline-block; width: 300px; height: 226px; margin: 10px; border: 0px solid;\" title=\"\" src=\"https:\/\/ekaislot.com\/wp-content\/uploads\/2_1-Bubble-Cap-Tray-5.png\" width=\"300\" height=\"226\" border=\"0\" hspace=\"10\" vspace=\"10\" \/> \u00a0 \u00a0<img style=\"display: inline-block; width: 300px; height: 226px; margin: 10px; border: 0px solid;\" title=\"\" src=\"https:\/\/ekaislot.com\/wp-content\/uploads\/2_1-Bubble-Cap-Tray-2.png\" width=\"300\" height=\"226\" border=\"0\" hspace=\"10\" vspace=\"10\" \/><\/p>\r\n&nbsp;\r\n<p style=\"text-align: center;\"><\/p>","contact_title":"","contact":1402},"_links":{"self":[{"href":"https:\/\/www.ekaislot.com\/es\/wp-json\/wp\/v2\/product\/1394","targetHints":{"allow":["GET"]}}],"collection":[{"href":"https:\/\/www.ekaislot.com\/es\/wp-json\/wp\/v2\/product"}],"about":[{"href":"https:\/\/www.ekaislot.com\/es\/wp-json\/wp\/v2\/types\/product"}],"wp:featuredmedia":[{"embeddable":true,"href":"https:\/\/www.ekaislot.com\/es\/wp-json\/wp\/v2\/media\/1402"}],"wp:attachment":[{"href":"https:\/\/www.ekaislot.com\/es\/wp-json\/wp\/v2\/media?parent=1394"}],"wp:term":[{"taxonomy":"product-category","embeddable":true,"href":"https:\/\/www.ekaislot.com\/es\/wp-json\/wp\/v2\/product-category?post=1394"}],"curies":[{"name":"wp","href":"https:\/\/api.w.org\/{rel}","templated":true}]}}